{"id":4273,"date":"2025-05-12T09:45:55","date_gmt":"2025-05-12T07:45:55","guid":{"rendered":"https:\/\/herbeusgreens.com\/impresum\/"},"modified":"2025-08-25T16:43:41","modified_gmt":"2025-08-25T14:43:41","slug":"impresum","status":"publish","type":"page","link":"https:\/\/herbeusgreens.com\/cs\/impresum\/","title":{"rendered":"Impresum"},"content":{"rendered":"\t\t<div data-elementor-type=\"wp-page\" data-elementor-id=\"4273\" class=\"elementor elementor-4273 elementor-2391\" data-elementor-settings=\"{&quot;element_pack_global_tooltip_width&quot;:{&quot;unit&quot;:&quot;px&quot;,&quot;size&quot;:&quot;&quot;,&quot;sizes&quot;:[]},&quot;element_pack_global_tooltip_width_tablet&quot;:{&quot;unit&quot;:&quot;px&quot;,&quot;size&quot;:&quot;&quot;,&quot;sizes&quot;:[]},&quot;element_pack_global_tooltip_width_mobile&quot;:{&quot;unit&quot;:&quot;px&quot;,&quot;size&quot;:&quot;&quot;,&quot;sizes&quot;:[]},&quot;element_pack_global_tooltip_padding&quot;:{&quot;unit&quot;:&quot;px&quot;,&quot;top&quot;:&quot;&quot;,&quot;right&quot;:&quot;&quot;,&quot;bottom&quot;:&quot;&quot;,&quot;left&quot;:&quot;&quot;,&quot;isLinked&quot;:true},&quot;element_pack_global_tooltip_padding_tablet&quot;:{&quot;unit&quot;:&quot;px&quot;,&quot;top&quot;:&quot;&quot;,&quot;right&quot;:&quot;&quot;,&quot;bottom&quot;:&quot;&quot;,&quot;left&quot;:&quot;&quot;,&quot;isLinked&quot;:true},&quot;element_pack_global_tooltip_padding_mobile&quot;:{&quot;unit&quot;:&quot;px&quot;,&quot;top&quot;:&quot;&quot;,&quot;right&quot;:&quot;&quot;,&quot;bottom&quot;:&quot;&quot;,&quot;left&quot;:&quot;&quot;,&quot;isLinked&quot;:true},&quot;element_pack_global_tooltip_border_radius&quot;:{&quot;unit&quot;:&quot;px&quot;,&quot;top&quot;:&quot;&quot;,&quot;right&quot;:&quot;&quot;,&quot;bottom&quot;:&quot;&quot;,&quot;left&quot;:&quot;&quot;,&quot;isLinked&quot;:true},&quot;element_pack_global_tooltip_border_radius_tablet&quot;:{&quot;unit&quot;:&quot;px&quot;,&quot;top&quot;:&quot;&quot;,&quot;right&quot;:&quot;&quot;,&quot;bottom&quot;:&quot;&quot;,&quot;left&quot;:&quot;&quot;,&quot;isLinked&quot;:true},&quot;element_pack_global_tooltip_border_radius_mobile&quot;:{&quot;unit&quot;:&quot;px&quot;,&quot;top&quot;:&quot;&quot;,&quot;right&quot;:&quot;&quot;,&quot;bottom&quot;:&quot;&quot;,&quot;left&quot;:&quot;&quot;,&quot;isLinked&quot;:true}}\" data-elementor-post-type=\"page\">\n\t\t\t\t<div class=\"elementor-element elementor-element-209d825e e-flex e-con-boxed e-con e-parent\" data-id=\"209d825e\" data-element_type=\"container\" data-e-type=\"container\">\n\t\t\t\t\t<div class=\"e-con-inner\">\n\t\t<div class=\"elementor-element elementor-element-14b1281 e-con-full e-flex e-con e-child\" data-id=\"14b1281\" data-element_type=\"container\" data-e-type=\"container\">\n\t\t\t\t<div class=\"elementor-element elementor-element-6df8dd62 elementor-widget elementor-widget-text-editor\" data-id=\"6df8dd62\" data-element_type=\"widget\" data-e-type=\"widget\" data-widget_type=\"text-editor.default\">\n\t\t\t\t<div class=\"elementor-widget-container\">\n\t\t\t\t\t\t\t\t\tInforma\u010dn\u00ed povinnost dle \u00a75 z\u00e1kona o elektronick\u00e9m obchodu, \u00a714 obchodn\u00edho z\u00e1kon\u00edku, \u00a763 \u017eivnostensk\u00e9ho z\u00e1kona a povinnost zve\u0159ejn\u011bn\u00ed dle \u00a725 medi\u00e1ln\u00edho z\u00e1kona.\t\t\t\t\t\t\t\t<\/div>\n\t\t\t\t<\/div>\n\t\t\t\t<\/div>\n\t\t<div class=\"elementor-element elementor-element-113fac12 e-con-full e-flex e-con e-child\" data-id=\"113fac12\" data-element_type=\"container\" data-e-type=\"container\">\n\t\t\t\t<div class=\"elementor-element elementor-element-512865ab elementor-widget elementor-widget-image\" data-id=\"512865ab\" data-element_type=\"widget\" data-e-type=\"widget\" data-widget_type=\"image.default\">\n\t\t\t\t<div class=\"elementor-widget-container\">\n\t\t\t\t\t\t\t\t\t\t\t\t\t\t\t<img decoding=\"async\" width=\"120\" height=\"156\" src=\"https:\/\/herbeusgreens.com\/wp-content\/uploads\/2025\/05\/erecht24-siegel-impressum-blau.png\" class=\"attachment-medium size-medium wp-image-4275\" alt=\"Impressum Herbeus Greens GmbH\" \/>\t\t\t\t\t\t\t\t\t\t\t\t\t\t\t<\/div>\n\t\t\t\t<\/div>\n\t\t\t\t<\/div>\n\t\t\t\t\t<\/div>\n\t\t\t\t<\/div>\n\t\t<div class=\"elementor-element elementor-element-68cfc742 e-flex e-con-boxed e-con e-parent\" data-id=\"68cfc742\" data-element_type=\"container\" data-e-type=\"container\">\n\t\t\t\t\t<div class=\"e-con-inner\">\n\t\t<div class=\"elementor-element elementor-element-3efab2a e-con-full e-flex e-con e-child\" data-id=\"3efab2a\" data-element_type=\"container\" data-e-type=\"container\">\n\t\t\t\t<div class=\"elementor-element elementor-element-3d1d20e0 elementor-widget elementor-widget-shortcode\" data-id=\"3d1d20e0\" data-element_type=\"widget\" data-e-type=\"widget\" data-widget_type=\"shortcode.default\">\n\t\t\t\t<div class=\"elementor-widget-container\">\n\t\t\t\t\t\t\t<div class=\"elementor-shortcode\"><div style=\"word-wrap: break-word;\"><h1>Impressum<\/h1>\n\n<p>Herbeus Greens GmbH<br \/>\nPysdorf 2<br \/>\n2281 Raasdorf, &Ouml;sterreich<\/p>\n\n<p><strong>Vertreten durch:<\/strong><br \/>\nKarin Trummer<br \/>\r\nCEO &amp; Head of Sales, Kontakt f&uuml;r Presseanfragen.<\/p>\n\n<h2>Kontakt<\/h2>\n<p>Telefon: +43 664 91 86 368<br \/>\nE-Mail: office@herbeusgreens.com<\/p>\n\n<h2>Umsatzsteuer-ID<\/h2>\n<p>Umsatzsteuer-Identifikationsnummer gem&auml;&szlig; &sect; 27 a Umsatzsteuergesetz:<br \/>\nATU71895256<\/p>\n\n<h2>Wirtschafts&shy;identifikations&shy;nummer<\/h2>\n<p>Firmenbuchnummer: FN 464983 z<\/p>\n\n<h2>Redaktionell verantwortlich<\/h2>\n<p>Karin Trummer<\/p>\n\n<h2>EU-Streitschlichtung<\/h2>\n<p>Die Europ&auml;ische Kommission stellt eine Plattform zur Online-Streitbeilegung (OS) bereit: <a href=\"https:\/\/ec.europa.eu\/consumers\/odr\/\" target=\"_blank\" rel=\"noopener noreferrer\">https:\/\/ec.europa.eu\/consumers\/odr\/<\/a>.<br \/> Unsere E-Mail-Adresse finden Sie oben im Impressum.<\/p>\n\n<h2>Verbraucher&shy;streit&shy;beilegung\/Universal&shy;schlichtungs&shy;stelle<\/h2>\n<p>Wir sind nicht bereit oder verpflichtet, an Streitbeilegungsverfahren vor einer Verbraucherschlichtungsstelle teilzunehmen.<\/p>\n\n<h2>Zentrale Kontaktstelle nach dem Digital Services Act - DSA (Verordnung (EU) 2022\/265)<\/h2>\n<p>Unsere zentrale Kontaktstelle f&uuml;r Nutzer und Beh&ouml;rden nach Art. 11, 12 DSA erreichen Sie wie folgt:<\/p>\n<p>E-Mail: office@herbeusgreens.com<br \/>\nTelefon: +43 664 91 86 368\n<\/p>\n<p>Sonstige Kontaktwege:<br \/>\nHerbeus Greens GmbH<br \/>\r\nPysdorf 2, 2281 Raasdorf, &Ouml;sterreich<\/p>\n<p>Die f\u00fcr den Kontakt zur Verf&uuml;gung stehenden Sprachen sind: Deutsch, Englisch, DE, EN.<\/p><\/div><\/div>\n\t\t\t\t\t\t<\/div>\n\t\t\t\t<\/div>\n\t\t\t\t<div class=\"elementor-element elementor-element-25bac6f elementor-widget elementor-widget-heading\" data-id=\"25bac6f\" data-element_type=\"widget\" data-e-type=\"widget\" data-widget_type=\"heading.default\">\n\t\t\t\t<div class=\"elementor-widget-container\">\n\t\t\t\t\t<h3 class=\"elementor-heading-title elementor-size-default\">Zdroje obr\u00e1zk\u016f:<\/h3>\t\t\t\t<\/div>\n\t\t\t\t<\/div>\n\t\t\t\t<div class=\"elementor-element elementor-element-26af8d47 elementor-widget elementor-widget-text-editor\" data-id=\"26af8d47\" data-element_type=\"widget\" data-e-type=\"widget\" data-widget_type=\"text-editor.default\">\n\t\t\t\t<div class=\"elementor-widget-container\">\n\t\t\t\t\t\t\t\t\t<p>Fotografie: herbeusgreens.com &amp; <span style=\"color: #000000;\"><a style=\"color: #000000;\" title=\"jakob-josef.de\" href=\"https:\/\/www.jakob-josef.de\/\" target=\"_blank\" rel=\"noopener\">jakob-josef.de<\/a><\/span><\/p>\t\t\t\t\t\t\t\t<\/div>\n\t\t\t\t<\/div>\n\t\t\t\t<div class=\"elementor-element elementor-element-65508f7f elementor-widget elementor-widget-heading\" data-id=\"65508f7f\" data-element_type=\"widget\" data-e-type=\"widget\" data-widget_type=\"heading.default\">\n\t\t\t\t<div class=\"elementor-widget-container\">\n\t\t\t\t\t<h3 class=\"elementor-heading-title elementor-size-default\">Design &amp; koncept<\/h3>\t\t\t\t<\/div>\n\t\t\t\t<\/div>\n\t\t\t\t<div class=\"elementor-element elementor-element-6805cf92 elementor-widget elementor-widget-text-editor\" data-id=\"6805cf92\" data-element_type=\"widget\" data-e-type=\"widget\" data-widget_type=\"text-editor.default\">\n\t\t\t\t<div class=\"elementor-widget-container\">\n\t\t\t\t\t\t\t\t\tDesign by Bal\u00e1zs Vernes | Technick\u00e1 realizace: Werbeagentur PR-pro www.pr-pro.at\n<span style=\"color: #000000;\"><a style=\"color: #000000;\" title=\"Werbeagentur PR-pro - www.pr-pro.at\" href=\"https:\/\/www.pr-pro.at\" target=\"_blank\" rel=\"noopener\">www.pr-pro.at<\/a><\/span>\t\t\t\t\t\t\t\t<\/div>\n\t\t\t\t<\/div>\n\t\t\t\t<\/div>\n\t\t\t\t\t<\/div>\n\t\t\t\t<\/div>\n\t\t\t\t<\/div>\n\t\t","protected":false},"excerpt":{"rendered":"<p>Informa\u010dn\u00ed povinnost dle \u00a75 z\u00e1kona o elektronick\u00e9m obchodu, \u00a714 obchodn\u00edho z\u00e1kon\u00edku, \u00a763 \u017eivnostensk\u00e9ho z\u00e1kona a povinnost zve\u0159ejn\u011bn\u00ed dle \u00a725 medi\u00e1ln\u00edho [&hellip;]<\/p>\n","protected":false},"author":1,"featured_media":4275,"parent":0,"menu_order":0,"comment_status":"closed","ping_status":"closed","template":"","meta":{"site-sidebar-layout":"no-sidebar","site-content-layout":"","ast-site-content-layout":"full-width-container","site-content-style":"default","site-sidebar-style":"default","ast-global-header-display":"","ast-banner-title-visibility":"","ast-main-header-display":"","ast-hfb-above-header-display":"","ast-hfb-below-header-display":"","ast-hfb-mobile-header-display":"","site-post-title":"disabled","ast-breadcrumbs-content":"","ast-featured-img":"disabled","footer-sml-layout":"","ast-disable-related-posts":"","theme-transparent-header-meta":"default","adv-header-id-meta":"","stick-header-meta":"","header-above-stick-meta":"","header-main-stick-meta":"","header-below-stick-meta":"","astra-migrate-meta-layouts":"default","ast-page-background-enabled":"default","ast-page-background-meta":{"desktop":{"background-color":"var(--ast-global-color-5)","background-image":"","background-repeat":"repeat","background-position":"center center","background-size":"auto","background-attachment":"scroll","background-type":"","background-media":"","overlay-type":"","overlay-color":"","overlay-opacity":"","overlay-gradient":""},"tablet":{"background-color":"","background-image":"","background-repeat":"repeat","background-position":"center center","background-size":"auto","background-attachment":"scroll","background-type":"","background-media":"","overlay-type":"","overlay-color":"","overlay-opacity":"","overlay-gradient":""},"mobile":{"background-color":"","background-image":"","background-repeat":"repeat","background-position":"center center","background-size":"auto","background-attachment":"scroll","background-type":"","background-media":"","overlay-type":"","overlay-color":"","overlay-opacity":"","overlay-gradient":""}},"ast-content-background-meta":{"desktop":{"background-color":"var(--ast-global-color-4)","background-image":"","background-repeat":"repeat","background-position":"center center","background-size":"auto","background-attachment":"scroll","background-type":"","background-media":"","overlay-type":"","overlay-color":"","overlay-opacity":"","overlay-gradient":""},"tablet":{"background-color":"var(--ast-global-color-4)","background-image":"","background-repeat":"repeat","background-position":"center center","background-size":"auto","background-attachment":"scroll","background-type":"","background-media":"","overlay-type":"","overlay-color":"","overlay-opacity":"","overlay-gradient":""},"mobile":{"background-color":"var(--ast-global-color-4)","background-image":"","background-repeat":"repeat","background-position":"center center","background-size":"auto","background-attachment":"scroll","background-type":"","background-media":"","overlay-type":"","overlay-color":"","overlay-opacity":"","overlay-gradient":""}},"footnotes":""},"class_list":["post-4273","page","type-page","status-publish","has-post-thumbnail","hentry"],"_links":{"self":[{"href":"https:\/\/herbeusgreens.com\/cs\/wp-json\/wp\/v2\/pages\/4273","targetHints":{"allow":["GET"]}}],"collection":[{"href":"https:\/\/herbeusgreens.com\/cs\/wp-json\/wp\/v2\/pages"}],"about":[{"href":"https:\/\/herbeusgreens.com\/cs\/wp-json\/wp\/v2\/types\/page"}],"author":[{"embeddable":true,"href":"https:\/\/herbeusgreens.com\/cs\/wp-json\/wp\/v2\/users\/1"}],"replies":[{"embeddable":true,"href":"https:\/\/herbeusgreens.com\/cs\/wp-json\/wp\/v2\/comments?post=4273"}],"version-history":[{"count":1,"href":"https:\/\/herbeusgreens.com\/cs\/wp-json\/wp\/v2\/pages\/4273\/revisions"}],"predecessor-version":[{"id":4277,"href":"https:\/\/herbeusgreens.com\/cs\/wp-json\/wp\/v2\/pages\/4273\/revisions\/4277"}],"wp:featuredmedia":[{"embeddable":true,"href":"https:\/\/herbeusgreens.com\/cs\/wp-json\/wp\/v2\/media\/4275"}],"wp:attachment":[{"href":"https:\/\/herbeusgreens.com\/cs\/wp-json\/wp\/v2\/media?parent=4273"}],"curies":[{"name":"wp","href":"https:\/\/api.w.org\/{rel}","templated":true}]}}