{"id":4791,"date":"2025-05-06T11:56:42","date_gmt":"2025-05-06T09:56:42","guid":{"rendered":"https:\/\/herbeusgreens.com\/vseobecne-obchodni-podminky\/"},"modified":"2025-08-25T16:43:34","modified_gmt":"2025-08-25T14:43:34","slug":"vseobecne-obchodni-podminky","status":"publish","type":"page","link":"https:\/\/herbeusgreens.com\/cs\/vseobecne-obchodni-podminky\/","title":{"rendered":"V\u0161eobecn\u00e9 obchodn\u00ed podm\u00ednky"},"content":{"rendered":"\t\t<div data-elementor-type=\"wp-page\" data-elementor-id=\"4791\" class=\"elementor elementor-4791 elementor-2073\" data-elementor-settings=\"{&quot;element_pack_global_tooltip_width&quot;:{&quot;unit&quot;:&quot;px&quot;,&quot;size&quot;:&quot;&quot;,&quot;sizes&quot;:[]},&quot;element_pack_global_tooltip_width_tablet&quot;:{&quot;unit&quot;:&quot;px&quot;,&quot;size&quot;:&quot;&quot;,&quot;sizes&quot;:[]},&quot;element_pack_global_tooltip_width_mobile&quot;:{&quot;unit&quot;:&quot;px&quot;,&quot;size&quot;:&quot;&quot;,&quot;sizes&quot;:[]},&quot;element_pack_global_tooltip_padding&quot;:{&quot;unit&quot;:&quot;px&quot;,&quot;top&quot;:&quot;&quot;,&quot;right&quot;:&quot;&quot;,&quot;bottom&quot;:&quot;&quot;,&quot;left&quot;:&quot;&quot;,&quot;isLinked&quot;:true},&quot;element_pack_global_tooltip_padding_tablet&quot;:{&quot;unit&quot;:&quot;px&quot;,&quot;top&quot;:&quot;&quot;,&quot;right&quot;:&quot;&quot;,&quot;bottom&quot;:&quot;&quot;,&quot;left&quot;:&quot;&quot;,&quot;isLinked&quot;:true},&quot;element_pack_global_tooltip_padding_mobile&quot;:{&quot;unit&quot;:&quot;px&quot;,&quot;top&quot;:&quot;&quot;,&quot;right&quot;:&quot;&quot;,&quot;bottom&quot;:&quot;&quot;,&quot;left&quot;:&quot;&quot;,&quot;isLinked&quot;:true},&quot;element_pack_global_tooltip_border_radius&quot;:{&quot;unit&quot;:&quot;px&quot;,&quot;top&quot;:&quot;&quot;,&quot;right&quot;:&quot;&quot;,&quot;bottom&quot;:&quot;&quot;,&quot;left&quot;:&quot;&quot;,&quot;isLinked&quot;:true},&quot;element_pack_global_tooltip_border_radius_tablet&quot;:{&quot;unit&quot;:&quot;px&quot;,&quot;top&quot;:&quot;&quot;,&quot;right&quot;:&quot;&quot;,&quot;bottom&quot;:&quot;&quot;,&quot;left&quot;:&quot;&quot;,&quot;isLinked&quot;:true},&quot;element_pack_global_tooltip_border_radius_mobile&quot;:{&quot;unit&quot;:&quot;px&quot;,&quot;top&quot;:&quot;&quot;,&quot;right&quot;:&quot;&quot;,&quot;bottom&quot;:&quot;&quot;,&quot;left&quot;:&quot;&quot;,&quot;isLinked&quot;:true}}\" data-elementor-post-type=\"page\">\n\t\t\t\t<div class=\"elementor-element elementor-element-1cc444d7 e-flex e-con-boxed e-con e-parent\" data-id=\"1cc444d7\" data-element_type=\"container\" data-e-type=\"container\">\n\t\t\t\t\t<div class=\"e-con-inner\">\n\t\t\t\t<div class=\"elementor-element elementor-element-45d9826a elementor-widget elementor-widget-text-editor\" data-id=\"45d9826a\" data-element_type=\"widget\" data-e-type=\"widget\" data-widget_type=\"text-editor.default\">\n\t\t\t\t<div class=\"elementor-widget-container\">\n\t\t\t\t\t\t\t\t\t<p><strong>\u00a7 1 Rozsah platnosti<\/strong><\/p><section id=\"brxe-9c89c8\" class=\"brxe-section\"><div id=\"brxe-fb59c5\" class=\"brxe-container hero-content-inner herbeus-fade-content brf-reset-transition\"><div id=\"brxe-b6f024\" class=\"brxe-text big-text\"><p>(1) Tyto v\u0161eobecn\u00e9 obchodn\u00ed podm\u00ednky (d\u00e1le jen \u201eVOP\u201c) plat\u00ed pro v\u0161echny obchodn\u00ed vztahy mezi spole\u010dnost\u00ed Herbeus Greens GmbH (d\u00e1le tak\u00e9 \u201eHerbeus Greens\u201c nebo \u201emy\/n\u00e1s\u201c) a jej\u00edmi komer\u010dn\u00edmi z\u00e1kazn\u00edky (B2B), pokud se p\u0159\u00edslu\u0161n\u00e1 uzav\u0159en\u00e1 smlouva t\u00fdk\u00e1 provozu podniku z\u00e1kazn\u00edka.<\/p><p>(2) Z\u00e1kazn\u00edk tyto VOP uzn\u00e1v\u00e1 a souhlas\u00ed s nimi, jakmile provede objedn\u00e1vku. V\u0161eobecn\u00e9 obchodn\u00ed podm\u00ednky nebo smluvn\u00ed podm\u00ednky z\u00e1kazn\u00edka, kter\u00e9 se od t\u011bchto VOP li\u0161\u00ed nebo jsou s nimi v rozporu, nebudou uzn\u00e1ny, pokud spole\u010dnost Herbeus Greens GmbH v\u00fdslovn\u011b p\u00edsemn\u011b nesouhlasila s jejich platnost\u00ed. \u00dakony sm\u011b\u0159uj\u00edc\u00ed ke spln\u011bn\u00ed smlouvy v \u017e\u00e1dn\u00e9m p\u0159\u00edpad\u011b nep\u0159edstavuj\u00ed souhlas s ustanoven\u00edmi, kter\u00e1 se od t\u011bchto VOP odchyluj\u00ed.  <\/p><p><strong>\u00a7 2 Uzav\u0159en\u00ed smlouvy<\/strong><\/p><p>(1) Nab\u00eddky spole\u010dnosti Herbeus Greens jsou nez\u00e1vazn\u00e9.<\/p><p>(2) Objedn\u00e1vka po\u017eadovan\u00e9ho zbo\u017e\u00ed z\u00e1kazn\u00edkem p\u0159edstavuje z\u00e1vaznou nab\u00eddku k uzav\u0159en\u00ed kupn\u00ed smlouvy. Smlouva vznik\u00e1 a\u017e po p\u0159ijet\u00ed zasl\u00e1n\u00edm potvrzen\u00ed objedn\u00e1vky spole\u010dnost\u00ed Herbeus Greens GmbH. Z\u00e1kazn\u00edk bude o p\u0159ijet\u00ed spole\u010dnost\u00ed Herbeus Greens GmbH informov\u00e1n e-mailem. Pokud objednan\u00e9 zbo\u017e\u00ed nen\u00ed nebo je pouze \u010d\u00e1ste\u010dn\u011b dostupn\u00e9, bude z\u00e1kazn\u00edk neprodlen\u011b informov\u00e1n.   <\/p><p>(3) Spole\u010dnost Herbeus Greens GmbH je kdykoli opr\u00e1vn\u011bna prov\u00e1d\u011bt d\u00edl\u010d\u00ed dod\u00e1vky a d\u00edl\u010d\u00ed pln\u011bn\u00ed, pokud d\u00edl\u010d\u00ed dod\u00e1vka nebo d\u00edl\u010d\u00ed pln\u011bn\u00ed nebylo p\u0159edem v\u00fdslovn\u011b p\u00edsemn\u011b vylou\u010deno. D\u00edl\u010d\u00ed dod\u00e1vky nebo d\u00edl\u010d\u00ed pln\u011bn\u00ed mohou b\u00fdt fakturov\u00e1ny samostatn\u011b. <\/p><p><strong>\u00a7 3 Platebn\u00ed podm\u00ednky<\/strong><\/p><p>(1) Faktury spole\u010dnosti Herbeus Greens GmbH jsou splatn\u00e9 do 7 dn\u016f od data vystaven\u00ed faktury. Spole\u010dnost Herbeus Greens GmbH si v\u00fdslovn\u011b vyhrazuje pr\u00e1vo dod\u00e1vat pouze inkasem nebo bankovn\u00edm p\u0159evodem. <\/p><p>(2) V p\u0159\u00edpad\u011b prodlen\u00ed s platbou plat\u00ed z\u00e1konn\u00e1 sazba \u00faroku z prodlen\u00ed pro podnikatelsk\u00e9 transakce (aktu\u00e1ln\u011b 13,08 % ro\u010dn\u011b). Za ka\u017edou pot\u0159ebnou upom\u00ednku budou \u00fa\u010dtov\u00e1ny poplatky za upom\u00ednku, po t\u0159ech ne\u00fasp\u011b\u0161n\u00fdch pokusech o upom\u00ednku bude pohled\u00e1vka p\u0159ed\u00e1na k vym\u00e1h\u00e1n\u00ed na\u0161emu pr\u00e1vn\u00edmu z\u00e1stupci, resp. inkasn\u00ed spole\u010dnosti. Ve\u0161ker\u00e9 \u00fa\u010deln\u00e9 n\u00e1klady na vym\u00e1h\u00e1n\u00ed v tomto p\u0159\u00edpad\u011b nese dlu\u017en\u00edk.  <\/p><p>(3) Pokud se po uzav\u0159en\u00ed smlouvy uk\u00e1\u017ee, \u017ee je platba kupn\u00ed ceny ohro\u017eena nedostate\u010dnou platebn\u00ed schopnost\u00ed kupuj\u00edc\u00edho, jsme opr\u00e1vn\u011bni odm\u00edtnout pln\u011bn\u00ed a odstoupit od smlouvy podle \u00a7 1052 ABGB.<\/p><p><strong>\u00a7 4 Fakturace<\/strong><\/p><p>(1) Faktury a upom\u00ednky budou zas\u00edl\u00e1ny elektronicky jako dokument PDF na e-mailovou adresu sd\u011blenou z\u00e1kazn\u00edkem. Od zas\u00edl\u00e1n\u00ed faktury po\u0161tou se upou\u0161t\u00ed. <\/p><p>(2) Z\u00e1kazn\u00edk je odpov\u011bdn\u00fd za to, \u017ee elektronick\u00e9 zas\u00edl\u00e1n\u00ed faktury e-mailem m\u016f\u017ee \u0159\u00e1dn\u011b prob\u011bhnout, a je povinen tomu p\u0159izp\u016fsobit zejm\u00e9na technick\u00e1 za\u0159\u00edzen\u00ed, jako jsou filtrovac\u00ed programy nebo firewally. P\u0159\u00edpadn\u00e9 automatizovan\u00e9 elektronick\u00e9 odpov\u011bdi (nap\u0159. zpr\u00e1va o nep\u0159\u00edtomnosti) nebudou br\u00e1ny v \u00favahu a nebr\u00e1n\u00ed platn\u00e9mu doru\u010den\u00ed. <\/p><p>(3) Z\u00e1kazn\u00edk je povinen neprodlen\u011b p\u00edsemn\u011b ozn\u00e1mit zm\u011bny sv\u00e9 e-mailov\u00e9 adresy, na kterou maj\u00ed b\u00fdt faktury zas\u00edl\u00e1ny. Do t\u00e9 doby plat\u00ed, \u017ee zas\u00edl\u00e1n\u00ed faktur na v\u00e1mi naposledy sd\u011blenou e-mailovou adresu se pova\u017euje za doru\u010den\u00e9. <\/p><p><strong>\u00a7 5 N\u00e1klady na dopravu<\/strong><\/p><p>(1) Zasl\u00e1n\u00ed objednan\u00e9ho zbo\u017e\u00ed se prov\u00e1d\u00ed zdarma ze skladu na dodac\u00ed adresu sd\u011blenou objednatelem. Spole\u010dnost Herbeus Greens GmbH si vyhrazuje pr\u00e1vo odm\u00edtnout objedn\u00e1vky nebo dle vlastn\u00edho uv\u00e1\u017een\u00ed \u00fa\u010dtovat pau\u0161\u00e1ln\u00ed poplatek za zpracov\u00e1n\u00ed objedn\u00e1vky, pokud nen\u00ed dosa\u017eeno dohodnut\u00e9ho minim\u00e1ln\u00edho objednan\u00e9ho mno\u017estv\u00ed. <\/p><p>(2) V z\u00e1vislosti na zemi dod\u00e1n\u00ed mohou b\u00fdt \u00fa\u010dtov\u00e1ny celn\u00ed poplatky, kter\u00e9 pak hrad\u00ed z\u00e1kazn\u00edk. Dodate\u010dn\u00e9 n\u00e1klady vznikl\u00e9 u expresn\u00edch objedn\u00e1vek nebo pro jin\u00e9 dodate\u010dn\u00e9 po\u017eadavky t\u00fdkaj\u00edc\u00ed se dopravy (zasl\u00e1n\u00ed expresn\u00ed po\u0161tou, kur\u00fdrem nebo srovnateln\u00fdmi slu\u017ebami) rovn\u011b\u017e nese z\u00e1kazn\u00edk. <\/p><p><strong>\u00a7 6 Ustanoven\u00ed o palet\u00e1ch<\/strong><\/p><p>(1) Mezi spole\u010dnost\u00ed Herbeus Greens GmbH jako odes\u00edlatelem a z\u00e1kazn\u00edkem jako p\u0159\u00edjemcem plat\u00ed dohoda o v\u00fdm\u011bn\u011b palet pro EUR, resp. EPAL palety. Palety se z\u00e1sadn\u011b vym\u011b\u0148uj\u00ed mezi p\u0159\u00edjemcem a odes\u00edlatelem syst\u00e9mem kus za kus. <\/p><p>(2) U zbo\u017e\u00ed, kter\u00e9 je dod\u00e1v\u00e1no zabalen\u00e9 na europalet\u00e1ch (EUR, resp. EPAL), z\u016fst\u00e1vaj\u00ed europalety nejprve ve vlastnictv\u00ed odes\u00edlatele, pokud tyto palety nebyly p\u0159edem doru\u010deny p\u0159\u00edjemcem odes\u00edlateli bez poplatku za dopravu nebo nebyly ihned vym\u011bn\u011bny p\u0159i dod\u00e1n\u00ed zbo\u017e\u00ed.<\/p><p>V\u00fdm\u011bna palet mus\u00ed b\u00fdt p\u00edsemn\u011b uvedena a podeps\u00e1na odes\u00edlatelem i p\u0159\u00edjemcem na dodac\u00edm listu.<\/p><p>(3) Z\u00e1kazn\u00edk\/p\u0159\u00edjemce je povinen vr\u00e1tit odes\u00edlateli p\u0159i ka\u017ed\u00e9 dod\u00e1vce stejn\u00fd po\u010det palet v bezvadn\u00e9m stavu nebo do 14 dn\u016f po dod\u00e1n\u00ed zaslat tyto nebo rovnocenn\u00e9 europalety odes\u00edlateli bez poplatku za dopravu. Pokud se tak nestane, je odes\u00edlatel opr\u00e1vn\u011bn fakturovat odpov\u00eddaj\u00edc\u00ed po\u010det europalet v dob\u011b p\u0159\u00ed\u0161t\u00edho vy\u00fa\u010dtov\u00e1n\u00ed podle cen zji\u0161t\u011bn\u00fdch pro n\u00e1kup nov\u00fdch palet v dan\u00e9 dob\u011b podle https:\/\/wintergroup.com nebo jinak podle aktu\u00e1ln\u00edch tr\u017en\u00edch cen. <\/p><p>(4) P\u0159ed\u00e1n\u00edm faktury zanik\u00e1 pr\u00e1vo z\u00e1kazn\u00edka vr\u00e1tit odes\u00edlateli palety t\u00fdkaj\u00edc\u00ed se dod\u00e1vky, kter\u00e1 je p\u0159edm\u011btem faktury.<\/p><p>(5) N\u00e1rok na vr\u00e1cen\u00ed palet, resp. na fakturaci nevr\u00e1cen\u00fdch palet se proml\u010duje do t\u0159\u00ed let od dod\u00e1n\u00ed posledn\u00ed objedn\u00e1vky, kterou n\u00e1m z\u00e1kazn\u00edk zadal.<\/p><p><strong>\u00a7 7 Zapo\u010dten\u00ed, zadr\u017eovac\u00ed pr\u00e1vo<\/strong><\/p><p>Zapo\u010dten\u00ed nebo jin\u00e9 formy vyrovn\u00e1n\u00ed nejsou bez v\u00fdslovn\u00e9ho p\u00edsemn\u00e9ho souhlasu spole\u010dnosti Herbeus Greens GmbH p\u0159\u00edpustn\u00e9. Zadr\u017eovac\u00ed pr\u00e1vo kupuj\u00edc\u00edho sm\u00ed b\u00fdt uplatn\u011bno pouze tehdy, pokud protin\u00e1rok vych\u00e1z\u00ed ze stejn\u00e9 kupn\u00ed smlouvy. <\/p><p><strong>\u00a7 8 Dodac\u00ed lh\u016fta a prodlen\u00ed s dod\u00e1vkou<\/strong><\/p><p>(1) Term\u00edny nebo lh\u016fty dod\u00e1n\u00ed jsou z\u00e1sadn\u011b nez\u00e1vazn\u00e9 \u00fadaje, pokud nebyly v\u00fdslovn\u011b dohodnuty jako z\u00e1vazn\u00e9.<\/p><p>(2) V p\u0159\u00edpad\u011b, \u017ee byly dohodnuty z\u00e1vazn\u00e9 term\u00edny a lh\u016fty dod\u00e1n\u00ed a tyto nelze dodr\u017eet ani po stanoven\u00ed p\u0159im\u011b\u0159en\u00e9 dodate\u010dn\u00e9 lh\u016fty, je vylou\u010dena odpov\u011bdnost spole\u010dnosti Herbeus Greens GmbH, pokud je zpo\u017ed\u011bn\u00ed dod\u00e1vky, resp. pln\u011bn\u00ed zp\u016fsobeno vy\u0161\u0161\u00ed moc\u00ed nebo ud\u00e1lostmi, za kter\u00e9 spole\u010dnost Herbeus Greens GmbH neodpov\u00edd\u00e1.<\/p><p>Ve v\u0161ech ostatn\u00edch p\u0159\u00edpadech je p\u0159\u00edpadn\u00e1 odpov\u011bdnost omezena na p\u011bt procent hodnoty faktury za dod\u00e1vku nebo pln\u011bn\u00ed, kter\u00e9ho se prodlen\u00ed t\u00fdk\u00e1.<\/p><p><strong>\u00a7 9 Dod\u00e1n\u00ed, p\u0159echod nebezpe\u010d\u00ed, p\u0159evzet\u00ed, prodlen\u00ed s p\u0159evzet\u00edm<\/strong><\/p><p>(1) Dod\u00e1n\u00ed se prov\u00e1d\u00ed ze skladu spole\u010dnosti Herbeus Greens GmbH, kter\u00fd je dohodnut jako m\u00edsto pln\u011bn\u00ed. Na \u017e\u00e1dost kupuj\u00edc\u00edho bude zbo\u017e\u00ed zasl\u00e1no na jin\u00e9 m\u00edsto ur\u010den\u00ed. <\/p><p>(2) Nebezpe\u010d\u00ed n\u00e1hodn\u00e9 zk\u00e1zy a n\u00e1hodn\u00e9ho zhor\u0161en\u00ed zbo\u017e\u00ed p\u0159ech\u00e1z\u00ed p\u0159ed\u00e1n\u00edm zbo\u017e\u00ed spedit\u00e9rovi, dopravci nebo jin\u00e9 osob\u011b nebo instituci ur\u010den\u00e9 k proveden\u00ed zasl\u00e1n\u00ed.<\/p><p>(3) Pokud se z\u00e1kazn\u00edk dostane do prodlen\u00ed s p\u0159evzet\u00edm, opomene jinou sou\u010dinnost nebo se dod\u00e1vka zpozd\u00ed z jin\u00fdch d\u016fvod\u016f, za kter\u00e9 odpov\u00edd\u00e1 z\u00e1kazn\u00edk, je spole\u010dnost Herbeus Greens opr\u00e1vn\u011bna po\u017eadovat n\u00e1hradu \u0161kody z toho vznikl\u00e9 v\u010detn\u011b zv\u00fd\u0161en\u00fdch n\u00e1klad\u016f (nap\u0159. n\u00e1klady na skladov\u00e1n\u00ed).<\/p><p><strong>\u00a7 10 V\u00fdhrada vlastnictv\u00ed<\/strong><\/p><p>(1) Ve\u0161ker\u00e9 dod\u00e1vky se prov\u00e1d\u011bj\u00ed s v\u00fdhradou vlastnictv\u00ed. A\u017e do zaplacen\u00ed v\u0161ech n\u00e1rok\u016f z p\u0159\u00edslu\u0161n\u00e9 kupn\u00ed smlouvy si spole\u010dnost Herbeus Greens GmbH vyhrazuje vlastnictv\u00ed ke sv\u00fdm dod\u00e1vk\u00e1m zbo\u017e\u00ed. <\/p><p><strong>\u00a7 11 N\u00e1roky kupuj\u00edc\u00edho z odpov\u011bdnosti za vady<\/strong><\/p><p>(1) N\u00e1roky z\u00e1kazn\u00edka z odpov\u011bdnosti za vady p\u0159edpokl\u00e1daj\u00ed, \u017ee z\u00e1kazn\u00edk splnil sv\u00e9 z\u00e1konn\u00e9 povinnosti kontroly a reklamace (\u00a7 377 UGB). Reklamace zjevn\u00fdch vad, resp. chybn\u00fdch dod\u00e1vek je nutn\u00e9 prov\u00e9st neprodlen\u011b a u skryt\u00fdch vad ihned po jejich zji\u0161t\u011bn\u00ed. <\/p><p>U reklamac\u00ed zbo\u017e\u00ed je nutn\u00e9 uv\u00e9st p\u0159esnou dokumentaci \u0161kody, resp. d\u016fvodu reklamace na dodac\u00edm listu a zaznamenat ji v\u010detn\u011b fotografick\u00e9ho d\u016fkazu. Dodac\u00ed list a fotografick\u00fd d\u016fkaz je nutn\u00e9 neprodlen\u011b zaslat spole\u010dnosti Herbeus Greens GmbH e-mailem na adresu office@herbeusgreens.com. <\/p><p>(2) Odstran\u011bn\u00ed p\u0159\u00edpadn\u00fdch vad se prov\u00e1d\u00ed dle volby spole\u010dnosti Herbeus Greens GmbH bu\u010f odstran\u011bn\u00edm vady (oprava), nebo dod\u00e1n\u00edm v\u011bci bez vady (n\u00e1hradn\u00ed dod\u00e1vka). B\u011bhem opravy nen\u00ed z\u00e1kazn\u00edk opr\u00e1vn\u011bn sn\u00ed\u017eit kupn\u00ed cenu nebo odstoupit od smlouvy. <\/p><p>(3) N\u00e1roky na n\u00e1hradu \u0161kody z d\u016fvodu vady lze uplatnit a\u017e pot\u00e9, co oprava selhala.<\/p><p><strong>\u00a7 12 Jin\u00e1 odpov\u011bdnost<\/strong><\/p><p>(1) Pokud z t\u011bchto VOP v\u010detn\u011b n\u00e1sleduj\u00edc\u00edch ustanoven\u00ed nevypl\u00fdv\u00e1 n\u011bco jin\u00e9ho, odpov\u00edd\u00e1me za poru\u0161en\u00ed smluvn\u00edch a mimosmluvn\u00edch povinnost\u00ed podle p\u0159\u00edslu\u0161n\u00fdch z\u00e1konn\u00fdch ustanoven\u00ed.<\/p><p>(2) Za n\u00e1hradu \u0161kody odpov\u00edd\u00e1me \u2013 bez ohledu na pr\u00e1vn\u00ed d\u016fvod \u2013 pouze v p\u0159\u00edpad\u011b \u00famyslu a hrub\u00e9 nedbalosti.<\/p><p><strong>\u00a7 13 Proml\u010den\u00ed<\/strong><\/p><p>(1) Vz\u00e1jemn\u00e9 n\u00e1roky smluvn\u00edch stran se proml\u010duj\u00ed podle z\u00e1konn\u00fdch ustanoven\u00ed, pokud nen\u00ed n\u00ed\u017ee stanoveno jinak.<\/p><p>(2) Odchyln\u011b od \u00a7 933 ABGB \u010din\u00ed obecn\u00e1 proml\u010dec\u00ed lh\u016fta pro n\u00e1roky z odpov\u011bdnosti za vady jeden rok od dod\u00e1n\u00ed.<\/p><p><strong>\u00a7 14 Autorsk\u00e1 pr\u00e1va\/Souhlas dle \u00a7 107 TKG\/Ochrana osobn\u00edch \u00fadaj\u016f <\/strong><\/p><p>(1) Spole\u010dnost Herbeus Greens GmbH a\/nebo jej\u00ed dodavatel\u00e9 maj\u00ed licen\u010dn\u00ed nebo autorsk\u00e1 pr\u00e1va ke v\u0161em obr\u00e1zk\u016fm, film\u016fm a text\u016fm, kter\u00e9 jsou zve\u0159ejn\u011bny na webov\u00fdch str\u00e1nk\u00e1ch. Pou\u017eit\u00ed obr\u00e1zk\u016f, film\u016f a text\u016f nen\u00ed bez v\u00fdslovn\u00e9ho souhlasu spole\u010dnosti Herbeus Greens GmbH povoleno. Tento materi\u00e1l\/tato data nesm\u00ed b\u00fdt kop\u00edrov\u00e1na, rozmno\u017eov\u00e1na, znovu publikov\u00e1na, nahr\u00e1v\u00e1na (uploaded), odes\u00edl\u00e1na, p\u0159en\u00e1\u0161ena nebo jinak distribuov\u00e1na, v\u010detn\u011b e-mailu a jin\u00fdch elektronick\u00fdch prost\u0159edk\u016f. Bez p\u0159edchoz\u00edho p\u00edsemn\u00e9ho souhlasu je zm\u011bna dat, informac\u00ed a materi\u00e1lu, jejich pou\u017eit\u00ed na jin\u00fdch webov\u00fdch str\u00e1nk\u00e1ch nebo v po\u010d\u00edta\u010dov\u00fdch prost\u0159ed\u00edch propojen\u00fdch s\u00edt\u00ed, jako\u017e i jejich pou\u017eit\u00ed pro jin\u00e9 ne\u017e osobn\u00ed, nekomer\u010dn\u00ed \u00fa\u010dely poru\u0161en\u00edm autorsk\u00fdch pr\u00e1v, ochrann\u00fdch zn\u00e1mek a jin\u00fdch vlastnick\u00fdch pr\u00e1v, a proto je zak\u00e1z\u00e1no. Spole\u010dnost Herbeus Greens GmbH si vyhrazuje trestn\u00ed st\u00edh\u00e1n\u00ed v p\u0159\u00edpad\u011b poru\u0161en\u00ed autorsk\u00fdch pr\u00e1v. V p\u0159\u00edpad\u011b pot\u0159eby je nutn\u00e9 p\u0159edem uzav\u0159\u00edt se spole\u010dnost\u00ed Herbeus Greens GmbH dohodu o reklamn\u00edch prost\u0159edc\u00edch.     <\/p><p>(2) Z\u00e1kazn\u00edk souhlas\u00ed s t\u00edm, \u017ee bude od spole\u010dnosti Herbeus Greens GmbH nebo od spole\u010dnost\u00ed, kter\u00e9 k tomu byly spole\u010dnost\u00ed Herbeus Greens GmbH pov\u011b\u0159eny, dost\u00e1vat zpr\u00e1vy ve smyslu \u00a7 107 z\u00e1kona o telekomunikac\u00edch (TKG) pro reklamn\u00ed \u00fa\u010dely. Tento souhlas m\u016f\u017ee b\u00fdt z\u00e1kazn\u00edkem kdykoli odvol\u00e1n. <\/p><p>(3) Spole\u010dnost Herbeus Greens GmbH uji\u0161\u0165uje, \u017ee p\u0159i shroma\u017e\u010fov\u00e1n\u00ed, zpracov\u00e1n\u00ed a pou\u017e\u00edv\u00e1n\u00ed osobn\u00edch \u00fadaj\u016f z\u00e1kazn\u00edka bude dodr\u017eovat p\u0159\u00edslu\u0161n\u00e9 pr\u00e1vn\u00ed normy. V\u017edy budou shroma\u017e\u010fov\u00e1na a ukl\u00e1d\u00e1na pouze data, kter\u00e1 jsou nezbytn\u00e1 pro vyu\u017e\u00edv\u00e1n\u00ed slu\u017eeb spole\u010dnosti Herbeus Greens. Osobn\u00ed \u00fadaje budou pova\u017eov\u00e1ny za d\u016fv\u011brn\u00e9. Budou p\u0159ed\u00e1ny t\u0159et\u00edm osob\u00e1m pouze tehdy, pokud je to nezbytn\u00e9 pro \u00fa\u010dely zpracov\u00e1n\u00ed smlouvy.   <\/p><p><strong>\u00a7 15 Volba pr\u00e1va a soudn\u00ed p\u0159\u00edslu\u0161nost<\/strong><\/p><p>(1) V\u00fdslovn\u011b a v\u00fdhradn\u011b se sjedn\u00e1v\u00e1 pou\u017eitelnost rakousk\u00e9ho hmotn\u00e9ho pr\u00e1va, s vylou\u010den\u00edm \u00damluvy OSN o smlouv\u00e1ch o mezin\u00e1rodn\u00ed koupi zbo\u017e\u00ed a na ni se vztahuj\u00edc\u00edch odkazovac\u00edch norem.<\/p><p>(2) V\u00fdhradn\u00ed \u2013 i mezin\u00e1rodn\u00ed \u2013 soudn\u00ed p\u0159\u00edslu\u0161nost pro v\u0161echny spory vypl\u00fdvaj\u00edc\u00ed p\u0159\u00edmo \u010di nep\u0159\u00edmo ze smluvn\u00edho vztahu m\u00e1 v\u011bcn\u011b p\u0159\u00edslu\u0161n\u00fd soud pro s\u00eddlo na\u0161\u00ed spole\u010dnosti. Jsme v\u0161ak tak\u00e9 opr\u00e1vn\u011bni podat \u017ealobu u obecn\u00e9ho soudu kupuj\u00edc\u00edho. <\/p><p><strong>\u00a7 16 Salv\u00e1torsk\u00e1 dolo\u017eka<\/strong><\/p><p>(1) Pokud by jednotliv\u00e1 ustanoven\u00ed t\u011bchto VOP byla nebo se stala zcela nebo \u010d\u00e1ste\u010dn\u011b ne\u00fa\u010dinn\u00fdmi nebo by obsahovala mezeru v \u00faprav\u011b, z\u016fst\u00e1v\u00e1 t\u00edm nedot\u010dena \u00fa\u010dinnost ostatn\u00edch ustanoven\u00ed nebo \u010d\u00e1st\u00ed takov\u00fdch ustanoven\u00ed. Je v\u00fdslovnou v\u016fl\u00ed stran zachovat \u00fa\u010dinnost ostatn\u00edch smluvn\u00edch ustanoven\u00ed za v\u0161ech okolnost\u00ed. Nam\u00edsto ne\u00fa\u010dinn\u00fdch nebo chyb\u011bj\u00edc\u00edch ustanoven\u00ed vstoup\u00ed v platnost p\u0159\u00edslu\u0161n\u00e1 z\u00e1konn\u00e1 ustanoven\u00ed.  <\/p><\/div><\/div><\/section><p> <\/p><footer id=\"brx-footer\"><section id=\"brxe-ecd146\" class=\"brxe-section footer02\"><div id=\"brxe-mckwyh\" class=\"brxe-div\"><div id=\"brxe-fgxtnd\" class=\"brxe-container\"><h4 id=\"brxe-tnxber\" class=\"brxe-heading\">P\u0159ipravte se na multisenzorick\u00e9 chu\u0165ov\u00e9 z\u00e1\u017eitky.<\/h4><\/div><\/div><\/section><\/footer>\t\t\t\t\t\t\t\t<\/div>\n\t\t\t\t<\/div>\n\t\t\t\t\t<\/div>\n\t\t\t\t<\/div>\n\t\t\t\t<\/div>\n\t\t","protected":false},"excerpt":{"rendered":"<p>\u00a7 1 Rozsah platnosti (1) Tyto v\u0161eobecn\u00e9 obchodn\u00ed podm\u00ednky (d\u00e1le jen \u201eVOP\u201c) plat\u00ed pro v\u0161echny obchodn\u00ed vztahy mezi spole\u010dnost\u00ed Herbeus [&hellip;]<\/p>\n","protected":false},"author":1,"featured_media":0,"parent":0,"menu_order":0,"comment_status":"closed","ping_status":"closed","template":"","meta":{"site-sidebar-layout":"default","site-content-layout":"","ast-site-content-layout":"default","site-content-style":"default","site-sidebar-style":"default","ast-global-header-display":"","ast-banner-title-visibility":"","ast-main-header-display":"","ast-hfb-above-header-display":"","ast-hfb-below-header-display":"","ast-hfb-mobile-header-display":"","site-post-title":"","ast-breadcrumbs-content":"","ast-featured-img":"","footer-sml-layout":"","ast-disable-related-posts":"","theme-transparent-header-meta":"default","adv-header-id-meta":"","stick-header-meta":"","header-above-stick-meta":"","header-main-stick-meta":"","header-below-stick-meta":"","astra-migrate-meta-layouts":"default","ast-page-background-enabled":"default","ast-page-background-meta":{"desktop":{"background-color":"var(--ast-global-color-5)","background-image":"","background-repeat":"repeat","background-position":"center center","background-size":"auto","background-attachment":"scroll","background-type":"","background-media":"","overlay-type":"","overlay-color":"","overlay-opacity":"","overlay-gradient":""},"tablet":{"background-color":"","background-image":"","background-repeat":"repeat","background-position":"center center","background-size":"auto","background-attachment":"scroll","background-type":"","background-media":"","overlay-type":"","overlay-color":"","overlay-opacity":"","overlay-gradient":""},"mobile":{"background-color":"","background-image":"","background-repeat":"repeat","background-position":"center center","background-size":"auto","background-attachment":"scroll","background-type":"","background-media":"","overlay-type":"","overlay-color":"","overlay-opacity":"","overlay-gradient":""}},"ast-content-background-meta":{"desktop":{"background-color":"var(--ast-global-color-4)","background-image":"","background-repeat":"repeat","background-position":"center center","background-size":"auto","background-attachment":"scroll","background-type":"","background-media":"","overlay-type":"","overlay-color":"","overlay-opacity":"","overlay-gradient":""},"tablet":{"background-color":"var(--ast-global-color-4)","background-image":"","background-repeat":"repeat","background-position":"center center","background-size":"auto","background-attachment":"scroll","background-type":"","background-media":"","overlay-type":"","overlay-color":"","overlay-opacity":"","overlay-gradient":""},"mobile":{"background-color":"var(--ast-global-color-4)","background-image":"","background-repeat":"repeat","background-position":"center center","background-size":"auto","background-attachment":"scroll","background-type":"","background-media":"","overlay-type":"","overlay-color":"","overlay-opacity":"","overlay-gradient":""}},"footnotes":""},"class_list":["post-4791","page","type-page","status-publish","hentry"],"_links":{"self":[{"href":"https:\/\/herbeusgreens.com\/cs\/wp-json\/wp\/v2\/pages\/4791","targetHints":{"allow":["GET"]}}],"collection":[{"href":"https:\/\/herbeusgreens.com\/cs\/wp-json\/wp\/v2\/pages"}],"about":[{"href":"https:\/\/herbeusgreens.com\/cs\/wp-json\/wp\/v2\/types\/page"}],"author":[{"embeddable":true,"href":"https:\/\/herbeusgreens.com\/cs\/wp-json\/wp\/v2\/users\/1"}],"replies":[{"embeddable":true,"href":"https:\/\/herbeusgreens.com\/cs\/wp-json\/wp\/v2\/comments?post=4791"}],"version-history":[{"count":1,"href":"https:\/\/herbeusgreens.com\/cs\/wp-json\/wp\/v2\/pages\/4791\/revisions"}],"predecessor-version":[{"id":4792,"href":"https:\/\/herbeusgreens.com\/cs\/wp-json\/wp\/v2\/pages\/4791\/revisions\/4792"}],"wp:attachment":[{"href":"https:\/\/herbeusgreens.com\/cs\/wp-json\/wp\/v2\/media?parent=4791"}],"curies":[{"name":"wp","href":"https:\/\/api.w.org\/{rel}","templated":true}]}}