{"id":4789,"date":"2025-05-06T11:56:42","date_gmt":"2025-05-06T09:56:42","guid":{"rendered":"https:\/\/herbeusgreens.com\/opci-uvjeti-poslovanja\/"},"modified":"2025-08-25T16:43:33","modified_gmt":"2025-08-25T14:43:33","slug":"opci-uvjeti-poslovanja","status":"publish","type":"page","link":"https:\/\/herbeusgreens.com\/hr\/opci-uvjeti-poslovanja\/","title":{"rendered":"Op\u0107i uvjeti poslovanja"},"content":{"rendered":"\t\t<div data-elementor-type=\"wp-page\" data-elementor-id=\"4789\" class=\"elementor elementor-4789 elementor-2073\" data-elementor-settings=\"{&quot;element_pack_global_tooltip_width&quot;:{&quot;unit&quot;:&quot;px&quot;,&quot;size&quot;:&quot;&quot;,&quot;sizes&quot;:[]},&quot;element_pack_global_tooltip_width_tablet&quot;:{&quot;unit&quot;:&quot;px&quot;,&quot;size&quot;:&quot;&quot;,&quot;sizes&quot;:[]},&quot;element_pack_global_tooltip_width_mobile&quot;:{&quot;unit&quot;:&quot;px&quot;,&quot;size&quot;:&quot;&quot;,&quot;sizes&quot;:[]},&quot;element_pack_global_tooltip_padding&quot;:{&quot;unit&quot;:&quot;px&quot;,&quot;top&quot;:&quot;&quot;,&quot;right&quot;:&quot;&quot;,&quot;bottom&quot;:&quot;&quot;,&quot;left&quot;:&quot;&quot;,&quot;isLinked&quot;:true},&quot;element_pack_global_tooltip_padding_tablet&quot;:{&quot;unit&quot;:&quot;px&quot;,&quot;top&quot;:&quot;&quot;,&quot;right&quot;:&quot;&quot;,&quot;bottom&quot;:&quot;&quot;,&quot;left&quot;:&quot;&quot;,&quot;isLinked&quot;:true},&quot;element_pack_global_tooltip_padding_mobile&quot;:{&quot;unit&quot;:&quot;px&quot;,&quot;top&quot;:&quot;&quot;,&quot;right&quot;:&quot;&quot;,&quot;bottom&quot;:&quot;&quot;,&quot;left&quot;:&quot;&quot;,&quot;isLinked&quot;:true},&quot;element_pack_global_tooltip_border_radius&quot;:{&quot;unit&quot;:&quot;px&quot;,&quot;top&quot;:&quot;&quot;,&quot;right&quot;:&quot;&quot;,&quot;bottom&quot;:&quot;&quot;,&quot;left&quot;:&quot;&quot;,&quot;isLinked&quot;:true},&quot;element_pack_global_tooltip_border_radius_tablet&quot;:{&quot;unit&quot;:&quot;px&quot;,&quot;top&quot;:&quot;&quot;,&quot;right&quot;:&quot;&quot;,&quot;bottom&quot;:&quot;&quot;,&quot;left&quot;:&quot;&quot;,&quot;isLinked&quot;:true},&quot;element_pack_global_tooltip_border_radius_mobile&quot;:{&quot;unit&quot;:&quot;px&quot;,&quot;top&quot;:&quot;&quot;,&quot;right&quot;:&quot;&quot;,&quot;bottom&quot;:&quot;&quot;,&quot;left&quot;:&quot;&quot;,&quot;isLinked&quot;:true}}\" data-elementor-post-type=\"page\">\n\t\t\t\t<div class=\"elementor-element elementor-element-1cc444d7 e-flex e-con-boxed e-con e-parent\" data-id=\"1cc444d7\" data-element_type=\"container\" data-e-type=\"container\">\n\t\t\t\t\t<div class=\"e-con-inner\">\n\t\t\t\t<div class=\"elementor-element elementor-element-45d9826a elementor-widget elementor-widget-text-editor\" data-id=\"45d9826a\" data-element_type=\"widget\" data-e-type=\"widget\" data-widget_type=\"text-editor.default\">\n\t\t\t\t<div class=\"elementor-widget-container\">\n\t\t\t\t\t\t\t\t\t<p><strong>\u00a7 1 Podru\u010dje primjene<\/strong><\/p><section id=\"brxe-9c89c8\" class=\"brxe-section\"><div id=\"brxe-fb59c5\" class=\"brxe-container hero-content-inner herbeus-fade-content brf-reset-transition\"><div id=\"brxe-b6f024\" class=\"brxe-text big-text\"><p>(1) Ovi Op\u0107i uvjeti poslovanja (u daljnjem tekstu \u201eOU\u201d) vrijede za sve poslovne odnose izme\u0111u Herbeus Greens GmbH (u daljnjem tekstu i \u201eHerbeus Greens\u201d ili \u201emi\/nas\u201d) i njezinih komercijalnih kupaca (B2B), pod uvjetom da se svaki sklopljeni ugovor odnosi na poslovanje tvrtke kupca.<\/p><p>(2) Kupac prihva\u0107a ove OU i izjavljuje da se s njima sla\u017ee \u010dim izvr\u0161i narud\u017ebu. Op\u0107i uvjeti poslovanja ili ugovorni uvjeti kupca koji odstupaju od ovih OU ili su im u suprotnosti, ne\u0107e se prihvatiti, osim ako Herbeus Greens GmbH izri\u010dito pisanim putem ne pristane na njihovu valjanost. Radnje izvr\u0161enja ugovora ni u kojem slu\u010daju ne predstavljaju pristanak na odredbe koje odstupaju od ovih OU.  <\/p><p><strong>\u00a7 2 Sklapanje ugovora<\/strong><\/p><p>(1) Ponude tvrtke Herbeus Greens su neobvezuju\u0107e.<\/p><p>(2) Narud\u017eba \u017eeljene robe koju je predao kupac predstavlja obvezuju\u0107u ponudu za sklapanje ugovora o kupnji. Ugovor se sklapa tek nakon prihva\u0107anja slanjem potvrde narud\u017ebe od strane Herbeus Greens GmbH. Kupac \u0107e biti obavije\u0161ten o prihva\u0107anju od strane Herbeus Greens GmbH putem e-po\u0161te. Ako naru\u010dena roba nije ili je samo djelomi\u010dno dostupna, kupac \u0107e biti odmah obavije\u0161ten.   <\/p><p>(3) Herbeus Greens GmbH ima pravo u bilo kojem trenutku izvr\u0161iti djelomi\u010dne isporuke i djelomi\u010dne usluge, osim ako je djelomi\u010dna isporuka ili djelomi\u010dna usluga prethodno izri\u010dito isklju\u010dena u pisanom obliku. Djelomi\u010dne isporuke ili djelomi\u010dne usluge mogu se fakturirati zasebno. <\/p><p><strong>\u00a7 3 Uvjeti pla\u0107anja<\/strong><\/p><p>(1) Ra\u010duni tvrtke Herbeus Greens GmbH pla\u0107aju se u roku od 7 dana od datuma izdavanja ra\u010duna. Herbeus Greens GmbH izri\u010dito zadr\u017eava pravo isporuke samo putem izravnog tere\u0107enja ili bankovnog prijenosa. <\/p><p>(2) U slu\u010daju ka\u0161njenja pla\u0107anja, ugovara se zakonska stopa zateznih kamata za poduzetni\u010dke poslove (trenutno 13,08 % godi\u0161nje). Za svaki potrebni opomena napla\u0107uju se tro\u0161kovi opomene, a nakon tri neuspje\u0161na poku\u0161aja opomene, otvoreni iznos se predaje na\u0161em odvjetniku ili agenciji za naplatu potra\u017eivanja. Tro\u0161kove naplate koji nastanu snosi du\u017enik.  <\/p><p>(3) Ako nakon sklapanja ugovora postane o\u010dito da je pla\u0107anje kupovne cijene ugro\u017eeno zbog nedostatka sposobnosti kupca, tada imamo pravo odbiti izvr\u0161enje i odustati od ugovora u skladu s \u00a7 1052 ABGB.<\/p><p><strong>\u00a7 4 Izdavanje ra\u010duna<\/strong><\/p><p>(1) Ra\u010duni i opomene \u0161alju se elektroni\u010dkim putem kao PDF dokument na adresu e-po\u0161te koju je kupac naveo. Odustaje se od slanja ra\u010duna po\u0161tom. <\/p><p>(2) Kupac je odgovoran da se elektroni\u010dko slanje ra\u010duna putem e-po\u0161te mo\u017ee pravilno izvr\u0161iti i mora u skladu s tim prilagoditi tehni\u010dke ure\u0111aje kao \u0161to su programi za filtriranje ili vatrozidovi. Sva automatizirana elektroni\u010dka pisma s odgovorom (npr. obavijest o odsutnosti) ne\u0107e se uzeti u obzir i ne sprje\u010davaju valjanu dostavu. <\/p><p>(3) Kupac je du\u017ean odmah pisanim putem obavijestiti o promjenama svoje adrese e-po\u0161te na koju se trebaju dostavljati ra\u010duni. Do tada se slanje ra\u010duna na va\u0161u posljednju poznatu adresu e-po\u0161te smatra dostavljenim. <\/p><p><strong>\u00a7 5 Tro\u0161kovi dostave<\/strong><\/p><p>(1) Dostava naru\u010dene robe vr\u0161i se besplatno od skladi\u0161ta na adresu za dostavu koju je naveo naru\u010ditelj. Herbeus Greens GmbH zadr\u017eava pravo odbiti narud\u017ebe ili, po izboru, naplatiti pau\u0161al za obradu narud\u017ebe ako se ne postignu dogovorene minimalne koli\u010dine narud\u017ebe. <\/p><p>(2) Ovisno o zemlji isporuke, mogu nastati carinske pristojbe, koje tada snosi kupac. Dodatne tro\u0161kove koji nastanu za hitne narud\u017ebe ili za druge dodatne \u017eelje u vezi s prijevozom (dostava ekspresnom po\u0161tom, kurirskom slu\u017ebom ili sli\u010dnim uslugama) tako\u0111er snosi kupac. <\/p><p><strong>\u00a7 6 Klauzula o paletama<\/strong><\/p><p>(1) Izme\u0111u Herbeus Greens GmbH kao po\u0161iljatelja i kupca kao primatelja, dogovara se zamjena paleta za EUR ili EPAL palete. Palete se u na\u010delu moraju zamijeniti izme\u0111u primatelja i po\u0161iljatelja po sistemu &#8216;klju\u010d u ruke&#8217;. <\/p><p>(2) Za robu koja se isporu\u010duje pakirana na euro paletama (EUR ili EPAL), euro palete ostaju u vlasni\u0161tvu po\u0161iljatelja, osim ako te palete prethodno nije besplatno dostavio primatelj po\u0161iljatelju ili su odmah zamijenjene prilikom isporuke robe.<\/p><p>Zamjenu paleta moraju pisanim putem zabilje\u017eiti i potpisati po\u0161iljatelj i primatelj na otpremnici.<\/p><p>(3) Kupac\/primatelj je du\u017ean vratiti po\u0161iljatelju isti broj paleta u besprijekornom stanju pri svakoj isporuci ili ih besplatno poslati po\u0161iljatelju u roku od 14 dana nakon isporuke ili ekvivalentne euro palete. Ako se to ne dogodi, po\u0161iljatelj ima pravo fakturirati odgovaraju\u0107i broj euro paleta u trenutku sljede\u0107eg obra\u010duna po cijenama utvr\u0111enim za kupnju novih paleta u tom trenutku prema https:\/\/wintergroup.com ili ina\u010de po trenutnim tr\u017ei\u0161nim cijenama. <\/p><p>(4) S dostavom ra\u010duna prestaje pravo kupca da vrati palete koje se odnose na isporuku koja je predmet ra\u010duna po\u0161iljatelju.<\/p><p>(5) Potra\u017eivanje za povrat paleta ili za fakturiranje nevracenih paleta zastaruje u roku od tri godine nakon isporuke posljednje narud\u017ebe koju nam je kupac dao.<\/p><p><strong>\u00a7 7 Prijeboj, pravo zadr\u017eanja<\/strong><\/p><p>Prijeboj ili drugi oblici prijeboja nisu dopu\u0161teni bez izri\u010ditog pisanog pristanka Herbeus Greens GmbH. Pravo zadr\u017eanja kupca mo\u017ee se ostvariti samo ako se protutu\u017eba temelji na istom ugovoru o kupnji. <\/p><p><strong>\u00a7 8 Rok isporuke i ka\u0161njenje isporuke<\/strong><\/p><p>(1) Datumi ili rokovi isporuke u na\u010delu su neobvezuju\u0107i, osim ako su izri\u010dito dogovoreni kao obvezuju\u0107i.<\/p><p>(2) U slu\u010daju da su dogovoreni obvezuju\u0107i datumi i rokovi isporuke, a oni se ne mogu ispo\u0161tovati ni nakon postavljanja primjerenog dodatnog roka, odgovornost Herbeus Greens GmbH je isklju\u010dena ako se ka\u0161njenje isporuke ili usluge temelji na vi\u0161oj sili ili na doga\u0111ajima za koje Herbeus Greens GmbH nije odgovoran.<\/p><p>U svim ostalim slu\u010dajevima, svaka mogu\u0107a odgovornost ograni\u010dena je na pet posto vrijednosti ra\u010duna isporuke ili usluge na koju se odnosi ka\u0161njenje.<\/p><p><strong>\u00a7 9 Isporuka, prijenos rizika, preuzimanje, ka\u0161njenje u preuzimanju<\/strong><\/p><p>(1) Isporuka se vr\u0161i iz skladi\u0161ta Herbeus Greens GmbH, koje je dogovoreno kao mjesto ispunjenja. Na zahtjev kupca, roba se \u0161alje na drugo odredi\u0161te. <\/p><p>(2) Rizik od slu\u010dajnog uni\u0161tenja i slu\u010dajnog pogor\u0161anja robe prelazi s predajom robe \u0161pediteru, prijevozniku ili drugoj osobi ili ustanovi odre\u0111enoj za izvr\u0161enje otpreme.<\/p><p>(3) Ako kupac kasni s preuzimanjem, propusti drugu radnju suradnje ili se isporuka odgodi iz drugih razloga za koje je odgovoran kupac, Herbeus Greens ima pravo zahtijevati naknadu \u0161tete koja je iz toga proiza\u0161la, uklju\u010duju\u0107i dodatne tro\u0161kove (npr. tro\u0161kove skladi\u0161tenja).<\/p><p><strong>\u00a7 10 Zadr\u017eavanje prava vlasni\u0161tva<\/strong><\/p><p>(1) Sve isporuke se vr\u0161e uz zadr\u017eavanje prava vlasni\u0161tva. Do pla\u0107anja svih potra\u017eivanja iz odgovaraju\u0107eg ugovora o kupnji, Herbeus Greens GmbH zadr\u017eava pravo vlasni\u0161tva nad svojim isporukama robe. <\/p><p><strong>\u00a7 11 Zahtjevi kupca za jamstvo<\/strong><\/p><p>(1) Zahtjevi kupca za jamstvo pretpostavljaju da je ispunio svoje zakonske obveze pregleda i prigovora (\u00a7 377 UGB). Prigovori na o\u010dite nedostatke ili pogre\u0161ne isporuke moraju se podnijeti odmah, a za skrivene nedostatke odmah nakon \u0161to se za njih sazna. <\/p><p>U slu\u010daju reklamacija robe, to\u010dna dokumentacija o \u0161teti ili razlogu reklamacije mora se zabilje\u017eiti na otpremnici i zabilje\u017eiti uklju\u010duju\u0107i foto dokaz. Otpremnica i foto dokaz moraju se odmah poslati Herbeus Greens GmbH putem e-po\u0161te na office@herbeusgreens.com. <\/p><p>(2) Otklanjanje mogu\u0107ih nedostataka vr\u0161i se po izboru Herbeus Greens GmbH ili uklanjanjem nedostatka (popravak) ili isporukom stvari bez nedostataka (zamjenska isporuka). Tijekom popravka kupac nema pravo smanjiti kupovnu cijenu ili odustati od ugovora. <\/p><p>(3) Zahtjevi za naknadu \u0161tete zbog nedostatka mogu se podnijeti tek nakon \u0161to popravak nije uspio.<\/p><p><strong>\u00a7 12 Ostala odgovornost<\/strong><\/p><p>(1) Ukoliko iz ovih OU, uklju\u010duju\u0107i sljede\u0107e odredbe, ne proizlazi druga\u010dije, odgovaramo za povredu ugovornih i izvanugovornih obveza u skladu s relevantnim zakonskim propisima.<\/p><p>(2) Za naknadu \u0161tete odgovaramo \u2013 bez obzira na pravnu osnovu \u2013 samo u slu\u010daju namjere i grube nepa\u017enje.<\/p><p><strong>\u00a7 13 Zastara<\/strong><\/p><p>(1) Uzajamni zahtjevi ugovornih strana zastarijevaju u skladu sa zakonskim propisima, osim ako u nastavku nije druga\u010dije odre\u0111eno.<\/p><p>(2) Odstupaju\u0107i od \u00a7 933 ABGB, op\u0107i rok zastare za zahtjeve za jamstvo iznosi godinu dana od isporuke.<\/p><p><strong>\u00a7 14 Autorska prava\/Suglasnost prema \u00a7107 TKG\/Za\u0161tita podataka <\/strong><\/p><p>(1) Herbeus Greens GmbH i\/ili njezini dobavlja\u010di imaju licence ili autorska prava na svim slikama, filmovima i tekstovima koji se objavljuju na web stranici. Kori\u0161tenje slika, filmova i tekstova nije dopu\u0161teno bez izri\u010ditog pristanka Herbeus Greens GmbH. Ovaj materijal\/ovi podaci ne smiju se kopirati, umno\u017eavati, ponovno objavljivati, u\u010ditavati (upload), slati, prenositi ili distribuirati na bilo koji drugi na\u010din, uklju\u010duju\u0107i e-po\u0161tu i druga elektroni\u010dka sredstva. Bez prethodnog pisanog pristanka, izmjena podataka, informacija i materijala, njihovo kori\u0161tenje na drugim web stranicama ili na ra\u010dunalnim okru\u017eenjima povezanim mre\u017eom, kao i njihovo kori\u0161tenje u druge svrhe osim osobnih, nekomercijalnih svrha, predstavlja kr\u0161enje autorskih prava, za\u0161titnih znakova i drugih vlasni\u010dkih prava i stoga je zabranjeno. Herbeus Greens GmbH zadr\u017eava pravo kaznenog progona u slu\u010daju kr\u0161enja autorskih prava. Ako je potrebno, prethodno se mora sklopiti ugovor o promotivnim sredstvima s Herbeus Greens GmbH.     <\/p><p>(2) Kupac pristaje primati poruke u smislu \u00a7 107 Zakona o telekomunikacijama (TKG) od Herbeus Greens GmbH ili od tvrtki koje je za to anga\u017eirala Herbeus Greens GmbH u svrhu ogla\u0161avanja. Kupac mo\u017ee opozvati ovu suglasnost u bilo kojem trenutku. <\/p><p>(3) Herbeus Greens GmbH jam\u010di da \u0107e se pridr\u017eavati relevantnih pravnih normi pri prikupljanju, obradi i kori\u0161tenju osobnih podataka kupca. Uvijek se prikupljaju i pohranjuju samo podaci koji su potrebni za kori\u0161tenje usluga Herbeus Greens. Osobni podaci se tretiraju povjerljivo. Oni se proslje\u0111uju tre\u0107im stranama samo ako je to potrebno u svrhu obrade ugovora.   <\/p><p><strong>\u00a7 15 Izbor prava i nadle\u017enost suda<\/strong><\/p><p>(1) Izri\u010dito i isklju\u010divo se ugovara primjenjivost austrijskog materijalnog prava, uz isklju\u010denje UN-ove Konvencije o prodaji robe i s njom povezanih referentnih normi.<\/p><p>(2) Isklju\u010diva \u2013 tako\u0111er me\u0111unarodna \u2013 nadle\u017enost suda za sve sporove koji proizlaze iz ugovornog odnosa izravno ili neizravno je sud nadle\u017ean za na\u0161 poslovni sjedi\u0161te. Me\u0111utim, tako\u0111er imamo pravo podnijeti tu\u017ebu u op\u0107oj nadle\u017enosti suda kupca. <\/p><p><strong>\u00a7 16 Klauzula o djelomi\u010dnoj ni\u0161tavosti<\/strong><\/p><p>(1) Ako su pojedine odredbe ovih OU u cijelosti ili djelomi\u010dno neva\u017ee\u0107e ili postanu neva\u017ee\u0107e, ili ako sadr\u017ee prazninu u propisima, valjanost ostalih odredbi ili dijelova takvih odredbi ostaje nepromijenjena. Izri\u010dita je volja stranaka da se u svim okolnostima odr\u017ei valjanost ostalih ugovornih odredbi. Umjesto neva\u017ee\u0107ih ili nedostaju\u0107ih odredbi stupaju na snagu odgovaraju\u0107i zakonski propisi.  <\/p><\/div><\/div><\/section><p> <\/p><footer id=\"brx-footer\"><section id=\"brxe-ecd146\" class=\"brxe-section footer02\"><div id=\"brxe-mckwyh\" class=\"brxe-div\"><div id=\"brxe-fgxtnd\" class=\"brxe-container\"><h4 id=\"brxe-tnxber\" class=\"brxe-heading\">Pripremite se za multisenzorne do\u017eivljaje okusa.<\/h4><\/div><\/div><\/section><\/footer>\t\t\t\t\t\t\t\t<\/div>\n\t\t\t\t<\/div>\n\t\t\t\t\t<\/div>\n\t\t\t\t<\/div>\n\t\t\t\t<\/div>\n\t\t","protected":false},"excerpt":{"rendered":"<p>\u00a7 1 Podru\u010dje primjene (1) Ovi Op\u0107i uvjeti poslovanja (u daljnjem tekstu \u201eOU\u201d) vrijede za sve poslovne odnose izme\u0111u Herbeus [&hellip;]<\/p>\n","protected":false},"author":1,"featured_media":0,"parent":0,"menu_order":0,"comment_status":"closed","ping_status":"closed","template":"","meta":{"site-sidebar-layout":"default","site-content-layout":"","ast-site-content-layout":"default","site-content-style":"default","site-sidebar-style":"default","ast-global-header-display":"","ast-banner-title-visibility":"","ast-main-header-display":"","ast-hfb-above-header-display":"","ast-hfb-below-header-display":"","ast-hfb-mobile-header-display":"","site-post-title":"","ast-breadcrumbs-content":"","ast-featured-img":"","footer-sml-layout":"","ast-disable-related-posts":"","theme-transparent-header-meta":"default","adv-header-id-meta":"","stick-header-meta":"","header-above-stick-meta":"","header-main-stick-meta":"","header-below-stick-meta":"","astra-migrate-meta-layouts":"default","ast-page-background-enabled":"default","ast-page-background-meta":{"desktop":{"background-color":"var(--ast-global-color-5)","background-image":"","background-repeat":"repeat","background-position":"center center","background-size":"auto","background-attachment":"scroll","background-type":"","background-media":"","overlay-type":"","overlay-color":"","overlay-opacity":"","overlay-gradient":""},"tablet":{"background-color":"","background-image":"","background-repeat":"repeat","background-position":"center center","background-size":"auto","background-attachment":"scroll","background-type":"","background-media":"","overlay-type":"","overlay-color":"","overlay-opacity":"","overlay-gradient":""},"mobile":{"background-color":"","background-image":"","background-repeat":"repeat","background-position":"center center","background-size":"auto","background-attachment":"scroll","background-type":"","background-media":"","overlay-type":"","overlay-color":"","overlay-opacity":"","overlay-gradient":""}},"ast-content-background-meta":{"desktop":{"background-color":"var(--ast-global-color-4)","background-image":"","background-repeat":"repeat","background-position":"center center","background-size":"auto","background-attachment":"scroll","background-type":"","background-media":"","overlay-type":"","overlay-color":"","overlay-opacity":"","overlay-gradient":""},"tablet":{"background-color":"var(--ast-global-color-4)","background-image":"","background-repeat":"repeat","background-position":"center center","background-size":"auto","background-attachment":"scroll","background-type":"","background-media":"","overlay-type":"","overlay-color":"","overlay-opacity":"","overlay-gradient":""},"mobile":{"background-color":"var(--ast-global-color-4)","background-image":"","background-repeat":"repeat","background-position":"center center","background-size":"auto","background-attachment":"scroll","background-type":"","background-media":"","overlay-type":"","overlay-color":"","overlay-opacity":"","overlay-gradient":""}},"footnotes":""},"class_list":["post-4789","page","type-page","status-publish","hentry"],"_links":{"self":[{"href":"https:\/\/herbeusgreens.com\/hr\/wp-json\/wp\/v2\/pages\/4789","targetHints":{"allow":["GET"]}}],"collection":[{"href":"https:\/\/herbeusgreens.com\/hr\/wp-json\/wp\/v2\/pages"}],"about":[{"href":"https:\/\/herbeusgreens.com\/hr\/wp-json\/wp\/v2\/types\/page"}],"author":[{"embeddable":true,"href":"https:\/\/herbeusgreens.com\/hr\/wp-json\/wp\/v2\/users\/1"}],"replies":[{"embeddable":true,"href":"https:\/\/herbeusgreens.com\/hr\/wp-json\/wp\/v2\/comments?post=4789"}],"version-history":[{"count":1,"href":"https:\/\/herbeusgreens.com\/hr\/wp-json\/wp\/v2\/pages\/4789\/revisions"}],"predecessor-version":[{"id":4790,"href":"https:\/\/herbeusgreens.com\/hr\/wp-json\/wp\/v2\/pages\/4789\/revisions\/4790"}],"wp:attachment":[{"href":"https:\/\/herbeusgreens.com\/hr\/wp-json\/wp\/v2\/media?parent=4789"}],"curies":[{"name":"wp","href":"https:\/\/api.w.org\/{rel}","templated":true}]}}