{"id":4833,"date":"2025-05-06T11:56:42","date_gmt":"2025-05-06T09:56:42","guid":{"rendered":"https:\/\/herbeusgreens.com\/vseobecne-obchodne-podmienky\/"},"modified":"2025-08-25T16:43:34","modified_gmt":"2025-08-25T14:43:34","slug":"vseobecne-obchodne-podmienky","status":"publish","type":"page","link":"https:\/\/herbeusgreens.com\/sk\/vseobecne-obchodne-podmienky\/","title":{"rendered":"V\u0161eobecn\u00e9 obchodn\u00e9 podmienky"},"content":{"rendered":"\t\t<div data-elementor-type=\"wp-page\" data-elementor-id=\"4833\" class=\"elementor elementor-4833 elementor-2073\" data-elementor-settings=\"{&quot;element_pack_global_tooltip_width&quot;:{&quot;unit&quot;:&quot;px&quot;,&quot;size&quot;:&quot;&quot;,&quot;sizes&quot;:[]},&quot;element_pack_global_tooltip_width_tablet&quot;:{&quot;unit&quot;:&quot;px&quot;,&quot;size&quot;:&quot;&quot;,&quot;sizes&quot;:[]},&quot;element_pack_global_tooltip_width_mobile&quot;:{&quot;unit&quot;:&quot;px&quot;,&quot;size&quot;:&quot;&quot;,&quot;sizes&quot;:[]},&quot;element_pack_global_tooltip_padding&quot;:{&quot;unit&quot;:&quot;px&quot;,&quot;top&quot;:&quot;&quot;,&quot;right&quot;:&quot;&quot;,&quot;bottom&quot;:&quot;&quot;,&quot;left&quot;:&quot;&quot;,&quot;isLinked&quot;:true},&quot;element_pack_global_tooltip_padding_tablet&quot;:{&quot;unit&quot;:&quot;px&quot;,&quot;top&quot;:&quot;&quot;,&quot;right&quot;:&quot;&quot;,&quot;bottom&quot;:&quot;&quot;,&quot;left&quot;:&quot;&quot;,&quot;isLinked&quot;:true},&quot;element_pack_global_tooltip_padding_mobile&quot;:{&quot;unit&quot;:&quot;px&quot;,&quot;top&quot;:&quot;&quot;,&quot;right&quot;:&quot;&quot;,&quot;bottom&quot;:&quot;&quot;,&quot;left&quot;:&quot;&quot;,&quot;isLinked&quot;:true},&quot;element_pack_global_tooltip_border_radius&quot;:{&quot;unit&quot;:&quot;px&quot;,&quot;top&quot;:&quot;&quot;,&quot;right&quot;:&quot;&quot;,&quot;bottom&quot;:&quot;&quot;,&quot;left&quot;:&quot;&quot;,&quot;isLinked&quot;:true},&quot;element_pack_global_tooltip_border_radius_tablet&quot;:{&quot;unit&quot;:&quot;px&quot;,&quot;top&quot;:&quot;&quot;,&quot;right&quot;:&quot;&quot;,&quot;bottom&quot;:&quot;&quot;,&quot;left&quot;:&quot;&quot;,&quot;isLinked&quot;:true},&quot;element_pack_global_tooltip_border_radius_mobile&quot;:{&quot;unit&quot;:&quot;px&quot;,&quot;top&quot;:&quot;&quot;,&quot;right&quot;:&quot;&quot;,&quot;bottom&quot;:&quot;&quot;,&quot;left&quot;:&quot;&quot;,&quot;isLinked&quot;:true}}\" data-elementor-post-type=\"page\">\n\t\t\t\t<div class=\"elementor-element elementor-element-1cc444d7 e-flex e-con-boxed e-con e-parent\" data-id=\"1cc444d7\" data-element_type=\"container\" data-e-type=\"container\">\n\t\t\t\t\t<div class=\"e-con-inner\">\n\t\t\t\t<div class=\"elementor-element elementor-element-45d9826a elementor-widget elementor-widget-text-editor\" data-id=\"45d9826a\" data-element_type=\"widget\" data-e-type=\"widget\" data-widget_type=\"text-editor.default\">\n\t\t\t\t<div class=\"elementor-widget-container\">\n\t\t\t\t\t\t\t\t\t<p><strong>\u00a7 1 Rozsah platnosti<\/strong><\/p><section id=\"brxe-9c89c8\" class=\"brxe-section\"><div id=\"brxe-fb59c5\" class=\"brxe-container hero-content-inner herbeus-fade-content brf-reset-transition\"><div id=\"brxe-b6f024\" class=\"brxe-text big-text\"><p>(1) Tieto V\u0161eobecn\u00e9 obchodn\u00e9 podmienky (\u010falej len \u201eVOP\u201c) platia pre v\u0161etky obchodn\u00e9 vz\u0165ahy medzi Herbeus Greens GmbH (\u010falej len \u201eHerbeus Greens\u201c alebo \u201emy\/n\u00e1s\u201c) a jej komer\u010dn\u00fdmi z\u00e1kazn\u00edkmi (B2B), pokia\u013e sa uzatvoren\u00e1 zmluva t\u00fdka prev\u00e1dzky podniku z\u00e1kazn\u00edka.<\/p><p>(2) Z\u00e1kazn\u00edk uzn\u00e1va tieto VOP a s\u00fahlas\u00ed s nimi, hne\u010f ako zad\u00e1 objedn\u00e1vku. V\u0161eobecn\u00e9 obchodn\u00e9 podmienky alebo zmluvn\u00e9 podmienky z\u00e1kazn\u00edka, ktor\u00e9 sa od t\u00fdchto VOP odchy\u013euj\u00fa alebo s\u00fa s nimi v rozpore, nebud\u00fa uznan\u00e9, pokia\u013e Herbeus Greens GmbH v\u00fdslovne p\u00edsomne nes\u00fahlasila s ich platnos\u0165ou. Plnenie zmluvy sa v \u017eiadnom pr\u00edpade nepova\u017euje za s\u00fahlas s ustanoveniami odli\u0161n\u00fdmi od t\u00fdchto VOP.  <\/p><p><strong>\u00a7 2 Uzatvorenie zmluvy<\/strong><\/p><p>(1) Ponuky Herbeus Greens s\u00fa nez\u00e1v\u00e4zn\u00e9 a nezav\u00e4zuj\u00face.<\/p><p>(2) Objedn\u00e1vka po\u017eadovan\u00e9ho tovaru zadan\u00e1 z\u00e1kazn\u00edkom predstavuje z\u00e1v\u00e4zn\u00fa ponuku na uzavretie k\u00fapnej zmluvy. Zmluva vznik\u00e1 a\u017e prijat\u00edm zaslan\u00edm potvrdenia objedn\u00e1vky spolo\u010dnos\u0165ou Herbeus Greens GmbH. Z\u00e1kazn\u00edk bude o prijat\u00ed spolo\u010dnos\u0165ou Herbeus Greens GmbH informovan\u00fd e-mailom. Ak objednan\u00fd tovar nie je dostupn\u00fd alebo je dostupn\u00fd len \u010diasto\u010dne, z\u00e1kazn\u00edk bude okam\u017eite informovan\u00fd.   <\/p><p>(3) Herbeus Greens GmbH je kedyko\u013evek opr\u00e1vnen\u00e1 k \u010diastkov\u00fdm dod\u00e1vkam a \u010diastkov\u00fdm plneniam, pokia\u013e \u010diastkov\u00e1 dod\u00e1vka alebo \u010diastkov\u00e9 plnenie neboli predt\u00fdm v\u00fdslovne p\u00edsomne vyl\u00fa\u010den\u00e9. \u010ciastkov\u00e9 dod\u00e1vky alebo \u010diastkov\u00e9 plnenia m\u00f4\u017eu by\u0165 fakturovan\u00e9 samostatne. <\/p><p><strong>\u00a7 3 Platobn\u00e9 podmienky<\/strong><\/p><p>(1) Fakt\u00fary Herbeus Greens GmbH s\u00fa splatn\u00e9 do 7 dn\u00ed od vystavenia fakt\u00fary. Herbeus Greens GmbH si v\u00fdslovne vyhradzuje pr\u00e1vo dod\u00e1va\u0165 len na z\u00e1klade inkasa alebo bankov\u00fdm prevodom. <\/p><p>(2) V pr\u00edpade ome\u0161kania s platbou plat\u00ed dohodnut\u00e1 z\u00e1konn\u00e1 sadzba \u00farokov z ome\u0161kania pre podnikate\u013esk\u00e9 transakcie (aktu\u00e1lne 13,08 % p.a.). Za ka\u017ed\u00fa potrebn\u00fa upomienku sa \u00fa\u010dtuj\u00fa poplatky za upomienku, po troch ne\u00faspe\u0161n\u00fdch pokusoch o upomienku bude poh\u013ead\u00e1vka odovzdan\u00e1 na vym\u00e1hanie n\u00e1\u0161mu pr\u00e1vnikovi alebo inkasnej spolo\u010dnosti. Vzniknut\u00e9 \u00fa\u010deln\u00e9 n\u00e1klady na vym\u00e1hanie id\u00fa na \u0165archu ome\u0161k\u00e1vaj\u00faceho platcu.  <\/p><p>(3) Ak sa po uzavret\u00ed zmluvy uk\u00e1\u017ee, \u017ee \u00fahrada k\u00fapnej ceny je ohrozen\u00e1 nedostato\u010dnou platobnou schopnos\u0165ou kupuj\u00faceho, sme opr\u00e1vnen\u00ed odmietnu\u0165 plnenie a odst\u00fapi\u0165 od zmluvy v s\u00falade s \u00a7 1052 Ob\u010dianskeho z\u00e1konn\u00edka.<\/p><p><strong>\u00a7 4 Faktur\u00e1cia<\/strong><\/p><p>(1) Fakt\u00fary a upomienky sa zasielaj\u00fa elektronicky ako PDF dokument na e-mailov\u00fa adresu ozn\u00e1men\u00fa z\u00e1kazn\u00edkom. Od po\u0161tov\u00e9ho zasielania fakt\u00fary sa up\u00fa\u0161\u0165a. <\/p><p>(2) Z\u00e1kazn\u00edk je zodpovedn\u00fd za to, aby elektronick\u00e9 zasielanie fakt\u00fary e-mailom mohlo prebehn\u00fa\u0165 riadne, a mus\u00ed tomu prisp\u00f4sobi\u0165 najm\u00e4 technick\u00e9 zariadenia, ako s\u00fa napr\u00edklad filtra\u010dn\u00e9 programy alebo firewally. Pr\u00edpadn\u00e9 automatizovan\u00e9 elektronick\u00e9 odpovede (napr. ozn\u00e1menie o nepr\u00edtomnosti) sa nebud\u00fa bra\u0165 do \u00favahy a nebr\u00e1nia platn\u00e9mu doru\u010deniu. <\/p><p>(3) Z\u00e1kazn\u00edk je povinn\u00fd bezodkladne p\u00edsomne ozn\u00e1mi\u0165 zmeny svojej e-mailovej adresy, na ktor\u00fa maj\u00fa by\u0165 fakt\u00fary doru\u010dovan\u00e9. Dovtedy sa zaslanie fakt\u00far na vami naposledy ozn\u00e1men\u00fa e-mailov\u00fa adresu pova\u017euje za doru\u010den\u00e9. <\/p><p><strong>\u00a7 5 N\u00e1klady na dopravu<\/strong><\/p><p>(1) Zasielanie objednan\u00e9ho tovaru sa uskuto\u010d\u0148uje bezplatne z n\u00e1\u0161ho skladu na dodaciu adresu ozn\u00e1men\u00fa objedn\u00e1vate\u013eom. Herbeus Greens GmbH si vyhradzuje pr\u00e1vo v pr\u00edpade nedodr\u017eania dohodnut\u00fdch minim\u00e1lnych objedn\u00e1vkov\u00fdch mno\u017estiev odmietnu\u0165 objedn\u00e1vky alebo pod\u013ea vlastn\u00e9ho v\u00fdberu \u00fa\u010dtova\u0165 pau\u0161\u00e1lny poplatok za spracovanie objedn\u00e1vky. <\/p><p>(2) V z\u00e1vislosti od krajiny dodania m\u00f4\u017eu vznikn\u00fa\u0165 coln\u00e9 poplatky, ktor\u00e9 potom zn\u00e1\u0161a z\u00e1kazn\u00edk. Dodato\u010dn\u00e9 n\u00e1klady vzniknut\u00e9 pri expresn\u00fdch objedn\u00e1vkach alebo pre in\u00e9 dodato\u010dn\u00e9 po\u017eiadavky t\u00fdkaj\u00face sa prepravy (expresn\u00e9 doru\u010denie, kuri\u00e9r alebo podobn\u00e9 slu\u017eby) id\u00fa taktie\u017e na \u0165archu z\u00e1kazn\u00edka. <\/p><p><strong>\u00a7 6 Paletov\u00e1 klauzula<\/strong><\/p><p>(1) Medzi Herbeus Greens GmbH ako odosielate\u013eom a z\u00e1kazn\u00edkom ako pr\u00edjemcom sa pova\u017euje v\u00fdmena paliet EUR alebo EPAL za dohodnut\u00fa. Palety sa medzi pr\u00edjemcom a odosielate\u013eom z\u00e1sadne vymie\u0148aj\u00fa protiplnen\u00edm. <\/p><p>(2) Pri tovare, ktor\u00fd je dod\u00e1van\u00fd zabalen\u00fd na euro palet\u00e1ch (EUR alebo EPAL), zost\u00e1vaj\u00fa euro palety spo\u010diatku vo vlastn\u00edctve odosielate\u013ea, pokia\u013e tieto palety neboli vopred dodan\u00e9 pr\u00edjemcom odosielate\u013eovi bezplatne alebo neboli okam\u017eite vymenen\u00e9 pri dodan\u00ed tovaru.<\/p><p>V\u00fdmena paliet mus\u00ed by\u0165 p\u00edsomne zaznamenan\u00e1 a podp\u00edsan\u00e1 odosielate\u013eom aj pr\u00edjemcom na dodacom liste.<\/p><p>(3) Z\u00e1kazn\u00edk\/pr\u00edjemca je povinn\u00fd vr\u00e1ti\u0165 odosielate\u013eovi pri ka\u017edej dod\u00e1vke rovnak\u00fd po\u010det paliet v bezchybnom stave alebo do 14 dn\u00ed po dodan\u00ed zasla\u0165 tieto alebo rovnocenn\u00e9 euro palety odosielate\u013eovi bezplatne. Ak sa tak nestane, odosielate\u013e je opr\u00e1vnen\u00fd fakturova\u0165 zodpovedaj\u00faci po\u010det euro paliet v \u010dase \u010fal\u0161ej faktur\u00e1cie pod\u013ea cien ur\u010den\u00fdch pre n\u00e1kup nov\u00fdch paliet v tom \u010dase pod\u013ea https:\/\/wintergroup.com alebo inak pod\u013ea aktu\u00e1lnych trhov\u00fdch cien. <\/p><p>(4) Odoslan\u00edm fakt\u00fary zanik\u00e1 pr\u00e1vo z\u00e1kazn\u00edka vr\u00e1ti\u0165 palety t\u00fdkaj\u00face sa fakturovanej dod\u00e1vky odosielate\u013eovi.<\/p><p>(5) N\u00e1rok na vr\u00e1tenie paliet, resp. na faktur\u00e1ciu nevr\u00e1ten\u00fdch paliet, sa preml\u010d\u00ed do troch rokov od dodania poslednej objedn\u00e1vky, ktor\u00fa n\u00e1m z\u00e1kazn\u00edk zadal.<\/p><p><strong>\u00a7 7 Zapo\u010d\u00edtanie, zadr\u017eiavacie pr\u00e1vo<\/strong><\/p><p>Zapo\u010d\u00edtanie alebo in\u00e9 formy z\u00fa\u010dtovania nie s\u00fa povolen\u00e9 bez v\u00fdslovn\u00e9ho p\u00edsomn\u00e9ho s\u00fahlasu Herbeus Greens GmbH. Zadr\u017eiavacie pr\u00e1vo kupuj\u00faceho m\u00f4\u017ee by\u0165 uplatnen\u00e9 len vtedy, ak protin\u00e1rok vych\u00e1dza z tej istej k\u00fapnej zmluvy. <\/p><p><strong>\u00a7 8 Dodacia lehota a ome\u0161kanie s dod\u00e1vkou<\/strong><\/p><p>(1) Dodacie term\u00edny alebo lehoty s\u00fa v z\u00e1sade nez\u00e1v\u00e4zn\u00e9 \u00fadaje, pokia\u013e neboli v\u00fdslovne dohodnut\u00e9 ako z\u00e1v\u00e4zn\u00e9.<\/p><p>(2) V pr\u00edpade, \u017ee boli dohodnut\u00e9 z\u00e1v\u00e4zn\u00e9 dodacie term\u00edny a lehoty, a tieto nem\u00f4\u017eu by\u0165 dodr\u017ean\u00e9 ani po stanoven\u00ed primeranej dodato\u010dnej lehoty, je zodpovednos\u0165 Herbeus Greens GmbH vyl\u00fa\u010den\u00e1, ak je ome\u0161kanie s dod\u00e1vkou alebo plnen\u00edm sp\u00f4soben\u00e9 vy\u0161\u0161ou mocou alebo udalos\u0165ami, za ktor\u00e9 Herbeus Greens GmbH nezodpoved\u00e1.<\/p><p>Vo v\u0161etk\u00fdch ostatn\u00fdch pr\u00edpadoch je pr\u00edpadn\u00e1 zodpovednos\u0165 obmedzen\u00e1 na p\u00e4\u0165 percent fakturovanej hodnoty dod\u00e1vky alebo slu\u017eby, ktorej sa ome\u0161kanie t\u00fdka.<\/p><p><strong>\u00a7 9 Dodanie, prechod rizika, prevzatie, ome\u0161kanie s prevzat\u00edm<\/strong><\/p><p>(1) Dodanie sa uskuto\u010d\u0148uje zo skladu Herbeus Greens GmbH, ktor\u00fd je dohodnut\u00fd ako miesto plnenia. Na \u017eiados\u0165 kupuj\u00faceho bude tovar zaslan\u00fd na in\u00e9 miesto ur\u010denia. <\/p><p>(2) Riziko n\u00e1hodnej straty a n\u00e1hodn\u00e9ho zhor\u0161enia tovaru prech\u00e1dza odovzdan\u00edm tovaru \u0161pedit\u00e9rovi, dopravcovi alebo inej osobe alebo in\u0161tit\u00facii ur\u010denej na vykonanie prepravy.<\/p><p>(3) Ak sa z\u00e1kazn\u00edk dostane do ome\u0161kania s prevzat\u00edm, zanedb\u00e1 in\u00fa s\u00fa\u010dinnos\u0165 alebo sa dod\u00e1vka oneskor\u00ed z in\u00fdch d\u00f4vodov, za ktor\u00e9 zodpoved\u00e1 z\u00e1kazn\u00edk, je Herbeus Greens opr\u00e1vnen\u00e1 po\u017eadova\u0165 n\u00e1hradu \u0161kody, ktor\u00e1 z toho vznikne, vr\u00e1tane dodato\u010dn\u00fdch n\u00e1kladov (napr. skladovac\u00edch n\u00e1kladov).<\/p><p><strong>\u00a7 10 V\u00fdhrada vlastn\u00edctva<\/strong><\/p><p>(1) V\u0161etky dod\u00e1vky sa uskuto\u010d\u0148uj\u00fa s v\u00fdhradou vlastn\u00edctva. A\u017e do zaplatenia v\u0161etk\u00fdch n\u00e1rokov z pr\u00edslu\u0161nej k\u00fapnej zmluvy si Herbeus Greens GmbH vyhradzuje vlastn\u00edctvo k svojim dod\u00e1vkam tovaru. <\/p><p><strong>\u00a7 11 N\u00e1roky kupuj\u00faceho zo z\u00e1ruky<\/strong><\/p><p>(1) N\u00e1roky z\u00e1kazn\u00edka zo z\u00e1ruky predpokladaj\u00fa, \u017ee z\u00e1kazn\u00edk splnil svoje z\u00e1konn\u00e9 povinnosti kontroly a reklam\u00e1cie (\u00a7 377 Obchodn\u00e9ho z\u00e1konn\u00edka). Reklam\u00e1cie zjavn\u00fdch v\u00e1d alebo chybn\u00fdch dod\u00e1vok je potrebn\u00e9 vykona\u0165 bezodkladne a v pr\u00edpade skryt\u00fdch v\u00e1d ihne\u010f po ich zisten\u00ed. <\/p><p>Pri reklam\u00e1ci\u00e1ch tovaru je potrebn\u00e9 presn\u00fa dokument\u00e1ciu \u0161kody, resp. d\u00f4vodu reklam\u00e1cie, zaznamena\u0165 na dodacom liste a zdokumentova\u0165 vr\u00e1tane fotodokument\u00e1cie. Dodac\u00ed list a fotodokument\u00e1ciu je potrebn\u00e9 bezodkladne zasla\u0165 spolo\u010dnosti Herbeus Greens GmbH e-mailom na office@herbeusgreens.com. <\/p><p>(2) Odstr\u00e1nenie pr\u00edpadn\u00fdch v\u00e1d sa uskuto\u010d\u0148uje pod\u013ea vo\u013eby Herbeus Greens GmbH bu\u010f odstr\u00e1nen\u00edm vady (opravou) alebo dodan\u00edm bezchybnej veci (n\u00e1hradn\u00e9 dodanie). Po\u010das odstra\u0148ovania vady nie je z\u00e1kazn\u00edk opr\u00e1vnen\u00fd zn\u00ed\u017ei\u0165 k\u00fapnu cenu alebo odst\u00fapi\u0165 od zmluvy. <\/p><p>(3) N\u00e1roky na n\u00e1hradu \u0161kody z d\u00f4vodu vady m\u00f4\u017eu by\u0165 uplatnen\u00e9 a\u017e vtedy, ke\u010f sa oprava nepodarila.<\/p><p><strong>\u00a7 12 In\u00e1 zodpovednos\u0165<\/strong><\/p><p>(1) Pokia\u013e z t\u00fdchto VOP vr\u00e1tane nasleduj\u00facich ustanoven\u00ed nevypl\u00fdva ni\u010d in\u00e9, zodpoved\u00e1me za poru\u0161enie zmluvn\u00fdch a mimozmluvn\u00fdch povinnost\u00ed pod\u013ea pr\u00edslu\u0161n\u00fdch z\u00e1konn\u00fdch ustanoven\u00ed.<\/p><p>(2) Za n\u00e1hradu \u0161kody zodpoved\u00e1me \u2013 bez oh\u013eadu na pr\u00e1vny d\u00f4vod \u2013 len v pr\u00edpade \u00famyslu a hrubej nedbanlivosti.<\/p><p><strong>\u00a7 13 Preml\u010danie<\/strong><\/p><p>(1) Vz\u00e1jomn\u00e9 n\u00e1roky zmluvn\u00fdch str\u00e1n sa preml\u010duj\u00fa pod\u013ea z\u00e1konn\u00fdch ustanoven\u00ed, pokia\u013e nie je \u010falej stanoven\u00e9 inak.<\/p><p>(2) Odchylne od \u00a7 933 Ob\u010dianskeho z\u00e1konn\u00edka je v\u0161eobecn\u00e1 preml\u010dacia lehota pre n\u00e1roky zo z\u00e1ruky jeden rok od dodania.<\/p><p><strong>\u00a7 14 Autorsk\u00e9 pr\u00e1va\/S\u00fahlas pod\u013ea \u00a7 107 Z\u00e1kona o telekomunik\u00e1ci\u00e1ch (TKG)\/Ochrana \u00fadajov <\/strong><\/p><p>(1) Herbeus Greens GmbH a\/alebo jej dod\u00e1vatelia maj\u00fa licen\u010dn\u00e9 alebo autorsk\u00e9 pr\u00e1va ku v\u0161etk\u00fdm obr\u00e1zkom, filmom a textom, ktor\u00e9 s\u00fa zverejnen\u00e9 na webovej str\u00e1nke. Pou\u017e\u00edvanie obr\u00e1zkov, filmov a textov nie je povolen\u00e9 bez v\u00fdslovn\u00e9ho s\u00fahlasu Herbeus Greens GmbH. Tento materi\u00e1l\/tieto \u00fadaje sa nesm\u00fa kop\u00edrova\u0165, rozmno\u017eova\u0165, znovu publikova\u0165, nahr\u00e1va\u0165 (uploaded), zasiela\u0165, pren\u00e1\u0161a\u0165 ani inak distribuova\u0165, vr\u00e1tane e-mailu a in\u00fdch elektronick\u00fdch prostriedkov. Bez predch\u00e1dzaj\u00faceho p\u00edsomn\u00e9ho s\u00fahlasu je zmena \u00fadajov, inform\u00e1ci\u00ed a materi\u00e1lu, ich pou\u017eitie na in\u00fdch webov\u00fdch str\u00e1nkach alebo v po\u010d\u00edta\u010dov\u00fdch prostrediach pripojen\u00fdch k sieti, ako aj ich pou\u017eitie na in\u00e9 ako osobn\u00e9, nekomer\u010dn\u00e9 \u00fa\u010dely poru\u0161en\u00edm autorsk\u00fdch pr\u00e1v, ochrann\u00fdch zn\u00e1mok a in\u00fdch vlastn\u00edckych pr\u00e1v, a je teda zak\u00e1zan\u00e9. Herbeus Greens GmbH si vyhradzuje pr\u00e1vo na trestn\u00e9 st\u00edhanie v pr\u00edpade poru\u0161enia autorsk\u00fdch pr\u00e1v. V pr\u00edpade potreby je potrebn\u00e9 vopred uzavrie\u0165 s Herbeus Greens GmbH dohodu o reklamn\u00fdch materi\u00e1loch.     <\/p><p>(2) Z\u00e1kazn\u00edk s\u00fahlas\u00ed s prij\u00edman\u00edm spr\u00e1v v zmysle \u00a7 107 Z\u00e1kona o telekomunik\u00e1ci\u00e1ch (TKG) na reklamn\u00e9 \u00fa\u010dely od Herbeus Greens GmbH alebo od spolo\u010dnost\u00ed, ktor\u00e9 boli na to poveren\u00e9 Herbeus Greens GmbH. Tento s\u00fahlas m\u00f4\u017ee z\u00e1kazn\u00edk kedyko\u013evek odvola\u0165. <\/p><p>(3) Herbeus Greens GmbH uist\u00ed, \u017ee pri zhroma\u017e\u010fovan\u00ed, spracovan\u00ed a pou\u017e\u00edvan\u00ed osobn\u00fdch \u00fadajov z\u00e1kazn\u00edka dodr\u017eiava pr\u00edslu\u0161n\u00e9 pr\u00e1vne normy. Zhroma\u017e\u010fuj\u00fa a ukladaj\u00fa sa v\u017edy len tie \u00fadaje, ktor\u00e9 s\u00fa potrebn\u00e9 na vyu\u017e\u00edvanie slu\u017eieb Herbeus Greens. Osobn\u00e9 \u00fadaje sa sprac\u00favaj\u00fa d\u00f4verne. Tret\u00edm stran\u00e1m sa poskytuj\u00fa len vtedy, ak je to potrebn\u00e9 na \u00fa\u010dely plnenia zmluvy.   <\/p><p><strong>\u00a7 15 Vo\u013eba pr\u00e1va a s\u00fadna pr\u00edslu\u0161nos\u0165<\/strong><\/p><p>(1) V\u00fdslovne a v\u00fdlu\u010dne sa dohoduje uplat\u0148ovanie rak\u00faskeho hmotn\u00e9ho pr\u00e1va, s vyl\u00fa\u010den\u00edm Dohovoru OSN o zmluv\u00e1ch o medzin\u00e1rodnej k\u00fape tovaru a s\u00favisiacich odkazovac\u00edch noriem.<\/p><p>(2) V\u00fdlu\u010dnou \u2013 aj medzin\u00e1rodnou \u2013 s\u00fadnou pr\u00edslu\u0161nos\u0165ou pre v\u0161etky spory vypl\u00fdvaj\u00face priamo alebo nepriamo zo zmluvn\u00e9ho vz\u0165ahu je s\u00fad vecne pr\u00edslu\u0161n\u00fd pre na\u0161e s\u00eddlo. Sme v\u0161ak opr\u00e1vnen\u00ed poda\u0165 \u017ealobu aj na v\u0161eobecnom s\u00fade pr\u00edslu\u0161nom pre kupuj\u00faceho. <\/p><p><strong>\u00a7 16 Salvatorick\u00e1 klauzula<\/strong><\/p><p>(1) Ak by jednotliv\u00e9 ustanovenia t\u00fdchto VOP boli alebo sa stali celkom alebo \u010diasto\u010dne ne\u00fa\u010dinn\u00fdmi, alebo ak by obsahovali medzeru v \u00faprave, zost\u00e1va platnos\u0165 ostatn\u00fdch ustanoven\u00ed alebo \u010dast\u00ed tak\u00fdchto ustanoven\u00ed nedotknut\u00e1. V\u00fdslovnou v\u00f4\u013eou str\u00e1n je za ka\u017ed\u00fdch okolnost\u00ed zachova\u0165 platnos\u0165 ostatn\u00fdch zmluvn\u00fdch ustanoven\u00ed. Namiesto ne\u00fa\u010dinn\u00fdch alebo ch\u00fdbaj\u00facich ustanoven\u00ed vstupuj\u00fa do platnosti pr\u00edslu\u0161n\u00e9 z\u00e1konn\u00e9 \u00fapravy.  <\/p><\/div><\/div><\/section><p> <\/p><footer id=\"brx-footer\"><section id=\"brxe-ecd146\" class=\"brxe-section footer02\"><div id=\"brxe-mckwyh\" class=\"brxe-div\"><div id=\"brxe-fgxtnd\" class=\"brxe-container\"><h4 id=\"brxe-tnxber\" class=\"brxe-heading\">Pripravte sa na multisenzorick\u00e9 chu\u0165ov\u00e9 z\u00e1\u017eitky.<\/h4><\/div><\/div><\/section><\/footer>\t\t\t\t\t\t\t\t<\/div>\n\t\t\t\t<\/div>\n\t\t\t\t\t<\/div>\n\t\t\t\t<\/div>\n\t\t\t\t<\/div>\n\t\t","protected":false},"excerpt":{"rendered":"<p>\u00a7 1 Rozsah platnosti (1) Tieto V\u0161eobecn\u00e9 obchodn\u00e9 podmienky (\u010falej len \u201eVOP\u201c) platia pre v\u0161etky obchodn\u00e9 vz\u0165ahy medzi Herbeus Greens [&hellip;]<\/p>\n","protected":false},"author":1,"featured_media":0,"parent":0,"menu_order":0,"comment_status":"closed","ping_status":"closed","template":"","meta":{"site-sidebar-layout":"default","site-content-layout":"","ast-site-content-layout":"default","site-content-style":"default","site-sidebar-style":"default","ast-global-header-display":"","ast-banner-title-visibility":"","ast-main-header-display":"","ast-hfb-above-header-display":"","ast-hfb-below-header-display":"","ast-hfb-mobile-header-display":"","site-post-title":"","ast-breadcrumbs-content":"","ast-featured-img":"","footer-sml-layout":"","ast-disable-related-posts":"","theme-transparent-header-meta":"default","adv-header-id-meta":"","stick-header-meta":"","header-above-stick-meta":"","header-main-stick-meta":"","header-below-stick-meta":"","astra-migrate-meta-layouts":"default","ast-page-background-enabled":"default","ast-page-background-meta":{"desktop":{"background-color":"var(--ast-global-color-5)","background-image":"","background-repeat":"repeat","background-position":"center center","background-size":"auto","background-attachment":"scroll","background-type":"","background-media":"","overlay-type":"","overlay-color":"","overlay-opacity":"","overlay-gradient":""},"tablet":{"background-color":"","background-image":"","background-repeat":"repeat","background-position":"center center","background-size":"auto","background-attachment":"scroll","background-type":"","background-media":"","overlay-type":"","overlay-color":"","overlay-opacity":"","overlay-gradient":""},"mobile":{"background-color":"","background-image":"","background-repeat":"repeat","background-position":"center center","background-size":"auto","background-attachment":"scroll","background-type":"","background-media":"","overlay-type":"","overlay-color":"","overlay-opacity":"","overlay-gradient":""}},"ast-content-background-meta":{"desktop":{"background-color":"var(--ast-global-color-4)","background-image":"","background-repeat":"repeat","background-position":"center center","background-size":"auto","background-attachment":"scroll","background-type":"","background-media":"","overlay-type":"","overlay-color":"","overlay-opacity":"","overlay-gradient":""},"tablet":{"background-color":"var(--ast-global-color-4)","background-image":"","background-repeat":"repeat","background-position":"center center","background-size":"auto","background-attachment":"scroll","background-type":"","background-media":"","overlay-type":"","overlay-color":"","overlay-opacity":"","overlay-gradient":""},"mobile":{"background-color":"var(--ast-global-color-4)","background-image":"","background-repeat":"repeat","background-position":"center center","background-size":"auto","background-attachment":"scroll","background-type":"","background-media":"","overlay-type":"","overlay-color":"","overlay-opacity":"","overlay-gradient":""}},"footnotes":""},"class_list":["post-4833","page","type-page","status-publish","hentry"],"_links":{"self":[{"href":"https:\/\/herbeusgreens.com\/sk\/wp-json\/wp\/v2\/pages\/4833","targetHints":{"allow":["GET"]}}],"collection":[{"href":"https:\/\/herbeusgreens.com\/sk\/wp-json\/wp\/v2\/pages"}],"about":[{"href":"https:\/\/herbeusgreens.com\/sk\/wp-json\/wp\/v2\/types\/page"}],"author":[{"embeddable":true,"href":"https:\/\/herbeusgreens.com\/sk\/wp-json\/wp\/v2\/users\/1"}],"replies":[{"embeddable":true,"href":"https:\/\/herbeusgreens.com\/sk\/wp-json\/wp\/v2\/comments?post=4833"}],"version-history":[{"count":1,"href":"https:\/\/herbeusgreens.com\/sk\/wp-json\/wp\/v2\/pages\/4833\/revisions"}],"predecessor-version":[{"id":4834,"href":"https:\/\/herbeusgreens.com\/sk\/wp-json\/wp\/v2\/pages\/4833\/revisions\/4834"}],"wp:attachment":[{"href":"https:\/\/herbeusgreens.com\/sk\/wp-json\/wp\/v2\/media?parent=4833"}],"curies":[{"name":"wp","href":"https:\/\/api.w.org\/{rel}","templated":true}]}}