{"id":5424,"date":"2025-05-06T11:56:42","date_gmt":"2025-05-06T09:56:42","guid":{"rendered":"https:\/\/herbeusgreens.com\/splosni-pogoji-poslovanja\/"},"modified":"2025-08-25T16:43:34","modified_gmt":"2025-08-25T14:43:34","slug":"splosni-pogoji-poslovanja","status":"publish","type":"page","link":"https:\/\/herbeusgreens.com\/sl\/splosni-pogoji-poslovanja\/","title":{"rendered":"Splo\u0161ni pogoji poslovanja"},"content":{"rendered":"\t\t<div data-elementor-type=\"wp-page\" data-elementor-id=\"5424\" class=\"elementor elementor-5424 elementor-2073\" data-elementor-settings=\"{&quot;element_pack_global_tooltip_width&quot;:{&quot;unit&quot;:&quot;px&quot;,&quot;size&quot;:&quot;&quot;,&quot;sizes&quot;:[]},&quot;element_pack_global_tooltip_width_tablet&quot;:{&quot;unit&quot;:&quot;px&quot;,&quot;size&quot;:&quot;&quot;,&quot;sizes&quot;:[]},&quot;element_pack_global_tooltip_width_mobile&quot;:{&quot;unit&quot;:&quot;px&quot;,&quot;size&quot;:&quot;&quot;,&quot;sizes&quot;:[]},&quot;element_pack_global_tooltip_padding&quot;:{&quot;unit&quot;:&quot;px&quot;,&quot;top&quot;:&quot;&quot;,&quot;right&quot;:&quot;&quot;,&quot;bottom&quot;:&quot;&quot;,&quot;left&quot;:&quot;&quot;,&quot;isLinked&quot;:true},&quot;element_pack_global_tooltip_padding_tablet&quot;:{&quot;unit&quot;:&quot;px&quot;,&quot;top&quot;:&quot;&quot;,&quot;right&quot;:&quot;&quot;,&quot;bottom&quot;:&quot;&quot;,&quot;left&quot;:&quot;&quot;,&quot;isLinked&quot;:true},&quot;element_pack_global_tooltip_padding_mobile&quot;:{&quot;unit&quot;:&quot;px&quot;,&quot;top&quot;:&quot;&quot;,&quot;right&quot;:&quot;&quot;,&quot;bottom&quot;:&quot;&quot;,&quot;left&quot;:&quot;&quot;,&quot;isLinked&quot;:true},&quot;element_pack_global_tooltip_border_radius&quot;:{&quot;unit&quot;:&quot;px&quot;,&quot;top&quot;:&quot;&quot;,&quot;right&quot;:&quot;&quot;,&quot;bottom&quot;:&quot;&quot;,&quot;left&quot;:&quot;&quot;,&quot;isLinked&quot;:true},&quot;element_pack_global_tooltip_border_radius_tablet&quot;:{&quot;unit&quot;:&quot;px&quot;,&quot;top&quot;:&quot;&quot;,&quot;right&quot;:&quot;&quot;,&quot;bottom&quot;:&quot;&quot;,&quot;left&quot;:&quot;&quot;,&quot;isLinked&quot;:true},&quot;element_pack_global_tooltip_border_radius_mobile&quot;:{&quot;unit&quot;:&quot;px&quot;,&quot;top&quot;:&quot;&quot;,&quot;right&quot;:&quot;&quot;,&quot;bottom&quot;:&quot;&quot;,&quot;left&quot;:&quot;&quot;,&quot;isLinked&quot;:true}}\" data-elementor-post-type=\"page\">\n\t\t\t\t<div class=\"elementor-element elementor-element-1cc444d7 e-flex e-con-boxed e-con e-parent\" data-id=\"1cc444d7\" data-element_type=\"container\" data-e-type=\"container\">\n\t\t\t\t\t<div class=\"e-con-inner\">\n\t\t\t\t<div class=\"elementor-element elementor-element-45d9826a elementor-widget elementor-widget-text-editor\" data-id=\"45d9826a\" data-element_type=\"widget\" data-e-type=\"widget\" data-widget_type=\"text-editor.default\">\n\t\t\t\t<div class=\"elementor-widget-container\">\n\t\t\t\t\t\t\t\t\t<p><strong>\u00a7 1 Podro\u010dje uporabe<\/strong><\/p><section id=\"brxe-9c89c8\" class=\"brxe-section\"><div id=\"brxe-fb59c5\" class=\"brxe-container hero-content-inner herbeus-fade-content brf-reset-transition\"><div id=\"brxe-b6f024\" class=\"brxe-text big-text\"><p>(1) Ti splo\u0161ni pogoji poslovanja (v nadaljevanju imenovani \u201eAGB\u201c) veljajo za vse poslovne odnose med Herbeus Greens GmbH (v nadaljevanju tudi \u201eHerbeus Greens\u201c ali \u201emi\/nas\u201c) in njenimi poslovnimi strankami (B2B), \u010de sklenjena pogodba spada v poslovanje podjetja stranke.<\/p><p>(2) Stranka priznava te AGB in se z njimi strinja takoj, ko odda naro\u010dilo. Splo\u0161ni pogoji poslovanja ali pogodbeni pogoji stranke, ki odstopajo od teh AGB ali so jim v nasprotju, niso priznani, razen \u010de je Herbeus Greens GmbH izrecno pisno privolila v njihovo veljavnost. Dejanja izpolnitve pogodbe v nobenem primeru ne veljajo kot soglasje k dolo\u010dbam, ki odstopajo od teh AGB.  <\/p><p><strong>\u00a7 2 Sklenitev pogodbe<\/strong><\/p><p>(1) Ponudbe podjetja Herbeus Greens so neobvezujo\u010de in nezavezujo\u010de.<\/p><p>(2) Naro\u010dilo \u017eelenega blaga, ki ga odda stranka, predstavlja zavezujo\u010do ponudbo za sklenitev kupoprodajne pogodbe. Pogodba je sklenjena \u0161ele po sprejemu s strani Herbeus Greens GmbH z odpo\u0161iljanjem potrditve naro\u010dila. Stranka bo o sprejemu s strani Herbeus Greens GmbH obve\u0161\u010dena po e-po\u0161ti. \u010ce naro\u010deno blago ni ali je le delno na voljo, bo stranka nemudoma obve\u0161\u010dena.   <\/p><p>(3) Herbeus Greens GmbH je kadar koli upravi\u010dena do delnih dobav in delnih storitev, razen \u010de je bila delna dobava ali delna storitev predhodno izrecno pisno izklju\u010dena. Delne dobave ali delne storitve se lahko zara\u010dunajo lo\u010deno. <\/p><p><strong>\u00a7 3 Pla\u010dilni pogoji<\/strong><\/p><p>(1) Ra\u010duni podjetja Herbeus Greens GmbH so pla\u010dljivi v 7 dneh od datuma izdaje ra\u010duna. Herbeus Greens GmbH si izrecno pridr\u017euje pravico do dobave samo proti ban\u010dnemu nakazilu ali pla\u010dilu po predra\u010dunu. <\/p><p>(2) V primeru zamude pri pla\u010dilu velja dogovorjena zakonska zamudna obrestna mera za podjetni\u0161ke transakcije (trenutno 13,08 % letno). Za vsak potreben opomin se zara\u010dunajo stro\u0161ki opomina, po treh neuspe\u0161nih poskusih opomina pa se neporavnani znesek preda v izterjavo na\u0161emu odvetniku oziroma inkaso slu\u017ebi. Nastali stro\u0161ki izterjave bremenijo zamudnika.  <\/p><p>(3) \u010ce se po sklenitvi pogodbe izka\u017ee, da je pla\u010dilo kupnine ogro\u017eeno zaradi nezmo\u017enosti kupca za izpolnitev obveznosti, smo v skladu s \u00a7 1052 ABGB upravi\u010deni do zavrnitve izpolnitve in odstopa od pogodbe.<\/p><p><strong>\u00a7 4 Izdajanje ra\u010dunov<\/strong><\/p><p>(1) Ra\u010duni in opomini se po\u0161iljajo po elektronski poti kot PDF-dokument na e-po\u0161tni naslov, ki ga je navedla stranka. Po\u0161iljanje ra\u010dunov po po\u0161ti se opusti. <\/p><p>(2) Stranka je odgovorna za to, da se elektronsko po\u0161iljanje ra\u010duna po e-po\u0161ti lahko izvede pravilno, in mora temu primerno prilagoditi tehni\u010dne naprave, kot so filtrirni programi ali po\u017earni zidovi. Morebitni avtomatizirani elektronski odgovori (npr. obvestilo o odsotnosti) ne bodo upo\u0161tevani in ne prepre\u010dujejo veljavne dostave. <\/p><p>(3) Stranka mora nemudoma pisno sporo\u010diti spremembe svojega e-po\u0161tnega naslova, na katerega naj se po\u0161iljajo ra\u010duni. Do takrat se po\u0161iljke ra\u010dunov na zadnji sporo\u010deni e-po\u0161tni naslov \u0161tejejo za prejete. <\/p><p><strong>\u00a7 5 Stro\u0161ki po\u0161iljanja<\/strong><\/p><p>(1) Po\u0161iljanje naro\u010denega blaga se izvaja brezpla\u010dno iz skladi\u0161\u010da na naslov za dostavo, ki ga je navedel naro\u010dnik. Herbeus Greens GmbH si pridr\u017euje pravico, da v primeru, da je naro\u010dilo pod dogovorjeno minimalno koli\u010dino, zavrne naro\u010dila ali po lastni izbiri zara\u010duna pav\u0161alno nadomestilo za obdelavo naro\u010dila. <\/p><p>(2) Odvisno od dr\u017eave dostave lahko nastanejo carinske dajatve, ki jih mora kriti stranka. Dodatni stro\u0161ki, ki nastanejo pri hitrih naro\u010dilih ali za druge dodatne \u017eelje glede prevoza (po\u0161iljanje z ekspresno po\u0161to, kurirjem ali podobnimi storitvami), prav tako bremenijo stranko. <\/p><p><strong>\u00a7 6 Dolo\u010dilo o paletah<\/strong><\/p><p>(1) Med Herbeus Greens GmbH kot po\u0161iljateljem in stranko kot prejemnikom je dogovorjena menjava palet za EUR- oziroma EPAL-palete. Palete se med prejemnikom in po\u0161iljateljem na\u010deloma menjajo po principu izmenjave. <\/p><p>(2) Pri blagu, ki se dostavi pakirano na evro paletah (EUR oziroma EPAL), evro palete sprva ostanejo v lasti po\u0161iljatelja, razen \u010de teh palet prejemnik predhodno ni dostavil po\u0161iljatelju brez stro\u0161kov prevoza ali \u010de niso bile zamenjane takoj ob dostavi blaga.<\/p><p>Menjava palet mora biti pisno zabele\u017eena in podpisana s strani po\u0161iljatelja in prejemnika na dobavnici.<\/p><p>(3) Stranka\/prejemnik je dol\u017ean po\u0161iljatelju ob vsaki dostavi vrniti enako \u0161tevilo palet v brezhibnem stanju ali v 14 dneh po dostavi te ali enakovredne evro palete poslati po\u0161iljatelju brez stro\u0161kov prevoza. \u010ce se to ne zgodi, je po\u0161iljatelj upravi\u010den, da ob naslednjem obra\u010dunu zara\u010duna ustrezno \u0161tevilo evro palet po cenah, dolo\u010denih za nakup novih palet v tistem \u010dasu v skladu s https:\/\/wintergroup.com, ali po takratnih veljavnih tr\u017enih cenah. <\/p><p>(4) S posredovanjem ra\u010duna preneha pravica stranke, da po\u0161iljatelju vrne palete, ki se nana\u0161ajo na dobavo, ki je predmet ra\u010duna.<\/p><p>(5) Zahteva za vra\u010dilo palet oziroma za zara\u010dunavanje nevrnjenih palet zastara v treh letih po dostavi zadnjega naro\u010dila, ki nam ga je stranka oddala.<\/p><p><strong>\u00a7 7 Pobot, zadr\u017ena pravica<\/strong><\/p><p>Pobot ali druge oblike pora\u010dunavanja niso dovoljene brez izrecnega pisnega soglasja Herbeus Greens GmbH. Kupec lahko uveljavlja zadr\u017eno pravico le, \u010de protipravica temelji na isti kupoprodajni pogodbi. <\/p><p><strong>\u00a7 8 Dobavni rok in zamuda pri dobavi<\/strong><\/p><p>(1) Dobavni roki ali termini so na\u010deloma nezavezujo\u010di, razen \u010de so bili izrecno dogovorjeni kot zavezujo\u010di.<\/p><p>(2) V primeru, da so bili dogovorjeni zavezujo\u010di dobavni roki in termini, in jih ni mogo\u010de izpolniti niti po dolo\u010ditvi razumnega dodatnega roka, je odgovornost Herbeus Greens GmbH izklju\u010dena, \u010de je zamuda pri dobavi oziroma izvedbi posledica vi\u0161je sile ali dogodkov, za katere Herbeus Greens GmbH ni odgovorna.<\/p><p>V vseh drugih primerih je morebitna odgovornost omejena na pet odstotkov vrednosti ra\u010duna dobave ali storitve, ki je predmet zamude.<\/p><p><strong>\u00a7 9 Dobava, prehod tveganja, prevzem, zamuda pri prevzemu<\/strong><\/p><p>(1) Dobava se izvaja iz skladi\u0161\u010da Herbeus Greens GmbH, ki je dogovorjeno kot kraj izpolnitve. Na zahtevo kupca se blago po\u0161lje na drug namembni kraj. <\/p><p>(2) Tveganje naklju\u010dnega uni\u010denja in naklju\u010dnega poslab\u0161anja blaga preide z izro\u010ditvijo blaga \u0161pediterju, prevozniku ali drugi osebi ali ustanovi, dolo\u010deni za izvedbo po\u0161iljke.<\/p><p>(3) \u010ce stranka zamuja s prevzemom, opusti drugo sodelovalno dejanje ali se dobava zamuja iz drugih razlogov, za katere je odgovorna stranka, je Herbeus Greens upravi\u010den zahtevati nadomestilo za nastalo \u0161kodo, vklju\u010dno z dodatnimi stro\u0161ki (npr. stro\u0161ki skladi\u0161\u010denja).<\/p><p><strong>\u00a7 10 Pridr\u017eek lastninske pravice<\/strong><\/p><p>(1) Vse dobave se izvajajo s pridr\u017ekom lastninske pravice. Herbeus Greens GmbH si pridr\u017euje lastninsko pravico na svojem blagu do pla\u010dila vseh terjatev iz posamezne kupoprodajne pogodbe. <\/p><p><strong>\u00a7 11 Garancijski zahtevki kupca<\/strong><\/p><p>(1) Garancijski zahtevki stranke predpostavljajo, da je ta izpolnila svoje zakonske obveznosti pregleda in prijave napak (\u00a7 377 UGB). Prito\u017ebe glede o\u010ditnih napak oziroma napa\u010dnih dobav je treba podati nemudoma, pri skritih napakah pa takoj po njihovem odkritju. <\/p><p>Pri reklamacijah blaga je treba na dobavnici natan\u010dno dokumentirati \u0161kodo oziroma razlog reklamacije in to zabele\u017eiti skupaj s fotografskim dokazom. Dobavnico in fotografski dokaz je treba nemudoma poslati Herbeus Greens GmbH po e-po\u0161ti na office@herbeusgreens.com. <\/p><p>(2) Odprava morebitnih napak se po izbiri Herbeus Greens GmbH izvede bodisi z odpravo napake (popravilo) bodisi z dobavo brezhibne stvari (nadomestna dobava). Med odpravljanjem napake stranka ni upravi\u010dena zni\u017eati kupnine ali odstopiti od pogodbe. <\/p><p>(3) Zahtevki za od\u0161kodnino zaradi napake se lahko uveljavljajo \u0161ele, ko je odprava napake neuspe\u0161na.<\/p><p><strong>\u00a7 12 Druga odgovornost<\/strong><\/p><p>(1) Kolikor iz teh AGB, vklju\u010dno z naslednjimi dolo\u010dbami, ne izhaja druga\u010de, odgovarjamo za kr\u0161itev pogodbenih in nepogodbenih obveznosti v skladu z veljavnimi zakonskimi dolo\u010dbami.<\/p><p>(2) Za od\u0161kodnino odgovarjamo \u2013 ne glede na pravno podlago \u2013 le v primeru naklepa in hude malomarnosti.<\/p><p><strong>\u00a7 13 Zastaranje<\/strong><\/p><p>(1) Medsebojni zahtevki pogodbenih strank zastarajo v skladu z zakonskimi dolo\u010dbami, kolikor v nadaljevanju ni dolo\u010deno druga\u010de.<\/p><p>(2) Ne glede na \u00a7 933 ABGB splo\u0161ni zastaralni rok za garancijske zahtevke zna\u0161a eno leto od dobave.<\/p><p><strong>\u00a7 14 Avtorske pravice\/Soglasje po \u00a7107 ZEKom-1\/Varstvo podatkov <\/strong><\/p><p>(1) Herbeus Greens GmbH in\/ali njeni dobavitelji imajo licen\u010dne ali avtorske pravice na vseh slikah, filmih in besedilih, objavljenih na spletni strani. Uporaba slik, filmov in besedil ni dovoljena brez izrecnega soglasja Herbeus Greens GmbH. Tega materiala\/teh podatkov ni dovoljeno kopirati, reproducirati, ponovno objavljati, nalagati (uploaded), po\u0161iljati, prena\u0161ati ali na kakr\u0161en koli drug na\u010din, vklju\u010dno z e-po\u0161to in drugimi elektronskimi sredstvi, distribuirati. Brez predhodnega pisnega soglasja je spreminjanje podatkov, informacij in materiala, njihova uporaba na drugih spletnih straneh ali v ra\u010dunalni\u0161kih okoljih, povezanih z omre\u017ejem, ter njihova uporaba za druge kot osebne, nekomercialne namene, kr\u0161itev avtorskih pravic, blagovnih znamk in drugih lastninskih pravic in je zato prepovedana. Herbeus Greens GmbH si pridr\u017euje pravico do kazenskega pregona v primeru kr\u0161itve avtorskih pravic. Po potrebi je treba predhodno skleniti dogovor o ogla\u0161evalskih materialih z Herbeus Greens GmbH.     <\/p><p>(2) Stranka sogla\u0161a, da prejema sporo\u010dila v smislu \u00a7 107 Zakona o elektronskih komunikacijah (ZEKom-1) za namene ogla\u0161evanja od Herbeus Greens GmbH ali podjetij, ki jih je Herbeus Greens GmbH pooblastila za to. To soglasje lahko stranka kadar koli prekli\u010de. <\/p><p>(3) Herbeus Greens GmbH zagotavlja, da pri zbiranju, obdelavi in uporabi osebnih podatkov stranke upo\u0161teva veljavne pravne norme. Vedno se zbirajo in shranjujejo le tisti podatki, ki so potrebni za uporabo storitev Herbeus Greens. Osebni podatki se obravnavajo zaupno. Tretjim osebam se posredujejo le, \u010de je to potrebno za namene izvedbe pogodbe.   <\/p><p><strong>\u00a7 15 Izbira prava in pristojnost sodi\u0161\u010da<\/strong><\/p><p>(1) Izrecno in izklju\u010dno je dogovorjena uporaba avstrijskega materialnega prava, z izklju\u010ditvijo UN-prodajnega prava in sklicevalnih norm, ki se nana\u0161ajo nanj.<\/p><p>(2) Izklju\u010dno \u2013 tudi mednarodno \u2013 pristojno sodi\u0161\u010de za vse spore, ki izhajajo neposredno ali posredno iz pogodbenega razmerja, je stvarno pristojno sodi\u0161\u010de za na\u0161 sede\u017e podjetja. Vendar pa smo upravi\u010deni tudi vlo\u017eiti to\u017ebo na splo\u0161nem sodi\u0161\u010du kupca. <\/p><p><strong>\u00a7 16 Salavatorna klavzula<\/strong><\/p><p>(1) \u010ce bi posamezne dolo\u010dbe teh AGB postale v celoti ali delno neveljavne ali bi vsebovale pravno praznino, to ne vpliva na veljavnost preostalih dolo\u010db ali delov tak\u0161nih dolo\u010db. Izrecna volja strank je, da se veljavnost preostalih pogodbenih dolo\u010db ohrani v vseh okoli\u0161\u010dinah. Namesto neveljavnih ali manjkajo\u010dih dolo\u010db stopijo v veljavo ustrezne zakonske dolo\u010dbe.  <\/p><\/div><\/div><\/section><p> <\/p><footer id=\"brx-footer\"><section id=\"brxe-ecd146\" class=\"brxe-section footer02\"><div id=\"brxe-mckwyh\" class=\"brxe-div\"><div id=\"brxe-fgxtnd\" class=\"brxe-container\"><h4 id=\"brxe-tnxber\" class=\"brxe-heading\">Pripravi se na ve\u010d\u010dutna okusna do\u017eivetja.<\/h4><\/div><\/div><\/section><\/footer>\t\t\t\t\t\t\t\t<\/div>\n\t\t\t\t<\/div>\n\t\t\t\t\t<\/div>\n\t\t\t\t<\/div>\n\t\t\t\t<\/div>\n\t\t","protected":false},"excerpt":{"rendered":"<p>\u00a7 1 Podro\u010dje uporabe (1) Ti splo\u0161ni pogoji poslovanja (v nadaljevanju imenovani \u201eAGB\u201c) veljajo za vse poslovne odnose med Herbeus [&hellip;]<\/p>\n","protected":false},"author":1,"featured_media":0,"parent":0,"menu_order":0,"comment_status":"closed","ping_status":"closed","template":"","meta":{"site-sidebar-layout":"default","site-content-layout":"","ast-site-content-layout":"default","site-content-style":"default","site-sidebar-style":"default","ast-global-header-display":"","ast-banner-title-visibility":"","ast-main-header-display":"","ast-hfb-above-header-display":"","ast-hfb-below-header-display":"","ast-hfb-mobile-header-display":"","site-post-title":"","ast-breadcrumbs-content":"","ast-featured-img":"","footer-sml-layout":"","ast-disable-related-posts":"","theme-transparent-header-meta":"default","adv-header-id-meta":"","stick-header-meta":"","header-above-stick-meta":"","header-main-stick-meta":"","header-below-stick-meta":"","astra-migrate-meta-layouts":"default","ast-page-background-enabled":"default","ast-page-background-meta":{"desktop":{"background-color":"var(--ast-global-color-5)","background-image":"","background-repeat":"repeat","background-position":"center center","background-size":"auto","background-attachment":"scroll","background-type":"","background-media":"","overlay-type":"","overlay-color":"","overlay-opacity":"","overlay-gradient":""},"tablet":{"background-color":"","background-image":"","background-repeat":"repeat","background-position":"center center","background-size":"auto","background-attachment":"scroll","background-type":"","background-media":"","overlay-type":"","overlay-color":"","overlay-opacity":"","overlay-gradient":""},"mobile":{"background-color":"","background-image":"","background-repeat":"repeat","background-position":"center center","background-size":"auto","background-attachment":"scroll","background-type":"","background-media":"","overlay-type":"","overlay-color":"","overlay-opacity":"","overlay-gradient":""}},"ast-content-background-meta":{"desktop":{"background-color":"var(--ast-global-color-4)","background-image":"","background-repeat":"repeat","background-position":"center center","background-size":"auto","background-attachment":"scroll","background-type":"","background-media":"","overlay-type":"","overlay-color":"","overlay-opacity":"","overlay-gradient":""},"tablet":{"background-color":"var(--ast-global-color-4)","background-image":"","background-repeat":"repeat","background-position":"center center","background-size":"auto","background-attachment":"scroll","background-type":"","background-media":"","overlay-type":"","overlay-color":"","overlay-opacity":"","overlay-gradient":""},"mobile":{"background-color":"var(--ast-global-color-4)","background-image":"","background-repeat":"repeat","background-position":"center center","background-size":"auto","background-attachment":"scroll","background-type":"","background-media":"","overlay-type":"","overlay-color":"","overlay-opacity":"","overlay-gradient":""}},"footnotes":""},"class_list":["post-5424","page","type-page","status-publish","hentry"],"_links":{"self":[{"href":"https:\/\/herbeusgreens.com\/sl\/wp-json\/wp\/v2\/pages\/5424","targetHints":{"allow":["GET"]}}],"collection":[{"href":"https:\/\/herbeusgreens.com\/sl\/wp-json\/wp\/v2\/pages"}],"about":[{"href":"https:\/\/herbeusgreens.com\/sl\/wp-json\/wp\/v2\/types\/page"}],"author":[{"embeddable":true,"href":"https:\/\/herbeusgreens.com\/sl\/wp-json\/wp\/v2\/users\/1"}],"replies":[{"embeddable":true,"href":"https:\/\/herbeusgreens.com\/sl\/wp-json\/wp\/v2\/comments?post=5424"}],"version-history":[{"count":1,"href":"https:\/\/herbeusgreens.com\/sl\/wp-json\/wp\/v2\/pages\/5424\/revisions"}],"predecessor-version":[{"id":5425,"href":"https:\/\/herbeusgreens.com\/sl\/wp-json\/wp\/v2\/pages\/5424\/revisions\/5425"}],"wp:attachment":[{"href":"https:\/\/herbeusgreens.com\/sl\/wp-json\/wp\/v2\/media?parent=5424"}],"curies":[{"name":"wp","href":"https:\/\/api.w.org\/{rel}","templated":true}]}}